{"id":2337,"date":"2025-12-03T00:41:17","date_gmt":"2025-12-02T23:41:17","guid":{"rendered":"https:\/\/renard-et-belette.fr\/?page_id=2337"},"modified":"2026-04-21T12:43:58","modified_gmt":"2026-04-21T10:43:58","slug":"les-pedalboards-renard-belette-2","status":"publish","type":"page","link":"https:\/\/renard-et-belette.fr\/index.php\/les-pedalboards-renard-belette-2\/","title":{"rendered":"Les pedalboards Renard &amp; Belette"},"content":{"rendered":"\n<figure class=\"wp-block-image aligncenter size-full is-resized\"><img loading=\"lazy\" decoding=\"async\" width=\"744\" height=\"531\" src=\"https:\/\/renard-et-belette.fr\/wp-content\/uploads\/2026\/03\/logo-Renard-et-Belette-pedalboards.png\" alt=\"\" class=\"wp-image-3614\" style=\"aspect-ratio:1.401093794375479;width:301px;height:auto\" srcset=\"https:\/\/renard-et-belette.fr\/wp-content\/uploads\/2026\/03\/logo-Renard-et-Belette-pedalboards.png 744w, https:\/\/renard-et-belette.fr\/wp-content\/uploads\/2026\/03\/logo-Renard-et-Belette-pedalboards-300x214.png 300w\" sizes=\"auto, (max-width: 744px) 100vw, 744px\" \/><\/figure>\n\n\n\n<figure class=\"wp-block-gallery has-nested-images columns-4 is-cropped wp-block-gallery-1 is-layout-flex wp-block-gallery-is-layout-flex\">\n<figure class=\"wp-block-image size-large has-custom-border\"><img loading=\"lazy\" decoding=\"async\" width=\"1024\" height=\"671\" data-id=\"1514\" src=\"https:\/\/renard-et-belette.fr\/wp-content\/uploads\/2025\/05\/DUO-3-3P-pedalboard-dos-et-pedales-1024x671.jpg\" alt=\"DUO 3-3P pedalboard for 3 basse pedals and 3 Keyboard pedals\" class=\"wp-image-1514\" style=\"border-top-left-radius:5%;border-top-right-radius:5%;border-bottom-left-radius:5%;border-bottom-right-radius:5%\" srcset=\"https:\/\/renard-et-belette.fr\/wp-content\/uploads\/2025\/05\/DUO-3-3P-pedalboard-dos-et-pedales-1024x671.jpg 1024w, https:\/\/renard-et-belette.fr\/wp-content\/uploads\/2025\/05\/DUO-3-3P-pedalboard-dos-et-pedales-300x197.jpg 300w, https:\/\/renard-et-belette.fr\/wp-content\/uploads\/2025\/05\/DUO-3-3P-pedalboard-dos-et-pedales-768x503.jpg 768w, https:\/\/renard-et-belette.fr\/wp-content\/uploads\/2025\/05\/DUO-3-3P-pedalboard-dos-et-pedales-1536x1006.jpg 1536w, https:\/\/renard-et-belette.fr\/wp-content\/uploads\/2025\/05\/DUO-3-3P-pedalboard-dos-et-pedales.jpg 1920w\" sizes=\"auto, (max-width: 1024px) 100vw, 1024px\" \/><\/figure>\n\n\n\n<figure class=\"wp-block-image size-large has-custom-border\"><img loading=\"lazy\" decoding=\"async\" width=\"1024\" height=\"769\" data-id=\"1555\" src=\"https:\/\/renard-et-belette.fr\/wp-content\/uploads\/2025\/05\/DUO-8-pedalboard-droit-ouvert-1024x769.jpg\" alt=\"DUO 8 double-decker pedalboard for 8 pedals\" class=\"wp-image-1555\" style=\"border-style:none;border-width:0px;border-top-left-radius:5%;border-top-right-radius:5%;border-bottom-left-radius:5%;border-bottom-right-radius:5%\" srcset=\"https:\/\/renard-et-belette.fr\/wp-content\/uploads\/2025\/05\/DUO-8-pedalboard-droit-ouvert-1024x769.jpg 1024w, https:\/\/renard-et-belette.fr\/wp-content\/uploads\/2025\/05\/DUO-8-pedalboard-droit-ouvert-300x225.jpg 300w, https:\/\/renard-et-belette.fr\/wp-content\/uploads\/2025\/05\/DUO-8-pedalboard-droit-ouvert-768x576.jpg 768w, https:\/\/renard-et-belette.fr\/wp-content\/uploads\/2025\/05\/DUO-8-pedalboard-droit-ouvert-1536x1153.jpg 1536w, https:\/\/renard-et-belette.fr\/wp-content\/uploads\/2025\/05\/DUO-8-pedalboard-droit-ouvert.jpg 1920w\" sizes=\"auto, (max-width: 1024px) 100vw, 1024px\" \/><\/figure>\n\n\n\n<figure class=\"wp-block-image size-large has-custom-border\"><img loading=\"lazy\" decoding=\"async\" width=\"1024\" height=\"618\" data-id=\"1548\" src=\"https:\/\/renard-et-belette.fr\/wp-content\/uploads\/2025\/05\/DUO-8-pedalboard-persp-dos-connectique-1024x618.jpg\" alt=\"DUO 8 double-decker pedalboard for 8 pedals\" class=\"wp-image-1548\" style=\"border-top-left-radius:5%;border-top-right-radius:5%;border-bottom-left-radius:5%;border-bottom-right-radius:5%\" srcset=\"https:\/\/renard-et-belette.fr\/wp-content\/uploads\/2025\/05\/DUO-8-pedalboard-persp-dos-connectique-1024x618.jpg 1024w, https:\/\/renard-et-belette.fr\/wp-content\/uploads\/2025\/05\/DUO-8-pedalboard-persp-dos-connectique-300x181.jpg 300w, https:\/\/renard-et-belette.fr\/wp-content\/uploads\/2025\/05\/DUO-8-pedalboard-persp-dos-connectique-768x464.jpg 768w, https:\/\/renard-et-belette.fr\/wp-content\/uploads\/2025\/05\/DUO-8-pedalboard-persp-dos-connectique-1536x927.jpg 1536w, https:\/\/renard-et-belette.fr\/wp-content\/uploads\/2025\/05\/DUO-8-pedalboard-persp-dos-connectique.jpg 1920w\" sizes=\"auto, (max-width: 1024px) 100vw, 1024px\" \/><\/figure>\n\n\n\n<figure class=\"wp-block-image size-large has-custom-border\"><img loading=\"lazy\" decoding=\"async\" width=\"1024\" height=\"847\" data-id=\"1559\" src=\"https:\/\/renard-et-belette.fr\/wp-content\/uploads\/2025\/05\/SOLO-4-BR-droite-1024x847.jpg\" alt=\"SOLO 4-BR pedalboard for 4 pedals\" class=\"wp-image-1559\" style=\"border-style:none;border-width:0px;border-top-left-radius:5%;border-top-right-radius:5%;border-bottom-left-radius:5%;border-bottom-right-radius:5%\" srcset=\"https:\/\/renard-et-belette.fr\/wp-content\/uploads\/2025\/05\/SOLO-4-BR-droite-1024x847.jpg 1024w, https:\/\/renard-et-belette.fr\/wp-content\/uploads\/2025\/05\/SOLO-4-BR-droite-300x248.jpg 300w, https:\/\/renard-et-belette.fr\/wp-content\/uploads\/2025\/05\/SOLO-4-BR-droite-768x636.jpg 768w, https:\/\/renard-et-belette.fr\/wp-content\/uploads\/2025\/05\/SOLO-4-BR-droite-1536x1271.jpg 1536w, https:\/\/renard-et-belette.fr\/wp-content\/uploads\/2025\/05\/SOLO-4-BR-droite.jpg 1920w\" sizes=\"auto, (max-width: 1024px) 100vw, 1024px\" \/><\/figure>\n<\/figure>\n\n\n\n<div style=\"height:20px\" aria-hidden=\"true\" class=\"wp-block-spacer\"><\/div>\n\n\n\n<h2 class=\"wp-block-heading has-ast-global-color-1-color has-text-color has-link-color wp-elements-7f61811eb0c392af240dcdd0eb357517\" style=\"margin-top:0;margin-bottom:0;padding-top:0;padding-bottom:0\"><strong>Une fabrication fran\u00e7aise et artisanale<\/strong><\/h2>\n\n\n\n<p style=\"margin-top:var(--wp--preset--spacing--20);margin-bottom:var(--wp--preset--spacing--20);padding-top:0;padding-bottom:0\">Mes pedalboards Renard &amp; Belette sont fabriqu\u00e9s de fa\u00e7on artisanale. Il s&rsquo;agit de v\u00e9ritables pi\u00e8ces d&rsquo;\u00e9b\u00e9nisterie pour lesquelles je r\u00e9alise l&rsquo;int\u00e9gralit\u00e9 des op\u00e9rations de fabrication.<\/p>\n\n\n\n<p style=\"margin-top:var(--wp--preset--spacing--20);margin-bottom:var(--wp--preset--spacing--20);padding-top:0;padding-bottom:0\">Je travaille les pi\u00e8ces en <a href=\"https:\/\/renard-et-belette.fr\/index.php\/bois\/\">ch\u00eane massif<\/a> de fa\u00e7on traditionnelle, \u00ab\u00a0\u00e0 la main\u00a0\u00bb, c&rsquo;est \u00e0 dire sans machine automatis\u00e9e.<\/p>\n\n\n\n<p style=\"margin-top:var(--wp--preset--spacing--20);margin-bottom:var(--wp--preset--spacing--20);padding-top:0;padding-bottom:0\">Je d\u00e9veloppe constamment de nouvelles familles de pedalboards, pens\u00e9es pour concilier praticit\u00e9 et design.<\/p>\n\n\n\n<div style=\"height:20px\" aria-hidden=\"true\" class=\"wp-block-spacer\"><\/div>\n\n\n\n<h2 class=\"wp-block-heading has-ast-global-color-1-color has-text-color has-link-color wp-elements-b668bbdeded957480000b41b3532ee42\" style=\"margin-top:0;margin-bottom:0;padding-top:0;padding-bottom:0\"><strong>Un look original<\/strong><\/h2>\n\n\n\n<p style=\"margin-top:var(--wp--preset--spacing--20);margin-bottom:var(--wp--preset--spacing--20)\">Avec leurs contours arrondis et leurs lignes \u00e9pur\u00e9es, mes pedalboards Renard &amp; Belette pr\u00e9sentent un style singulier, qui rappelle certains objets et mobiliers des ann\u00e9es 60-70.<\/p>\n\n\n\n<p style=\"margin-top:var(--wp--preset--spacing--20);margin-bottom:var(--wp--preset--spacing--20)\">Le soin apport\u00e9 aux mat\u00e9riaux et \u00e0 la finition des mod\u00e8les en <a href=\"https:\/\/renard-et-belette.fr\/index.php\/bois\/\">ch\u00eane massif<\/a> les r\u00e9serve pour une utilisation en studio ou en salle de r\u00e9p\u00e9titions. Les mod\u00e8les plus classiques, rev\u00eatus de Tolex\u00ae (ou mati\u00e8res semblables), conviendront \u00e0 toutes les utilisations, y compris aux contraintes parfois dures de la sc\u00e8ne.<\/p>\n\n\n\n<div style=\"height:20px\" aria-hidden=\"true\" class=\"wp-block-spacer\"><\/div>\n\n\n\n<h2 class=\"wp-block-heading has-ast-global-color-1-color has-text-color has-link-color wp-elements-c56de064b7d3da2fb432dbfa49b11c84\" style=\"margin-top:0;margin-bottom:0;padding-top:0;padding-bottom:0\"><strong>Des pedalboards \u00e0 customiser<\/strong><\/h2>\n\n\n\n<p style=\"margin-top:var(--wp--preset--spacing--20);margin-bottom:var(--wp--preset--spacing--20)\">Les diff\u00e9rents mod\u00e8les de base pr\u00e9sent\u00e9s sont configurables en fonction des besoins du client : dimensions, formes, teinte, finition et marquage.<\/p>\n\n\n\n<p style=\"margin-top:var(--wp--preset--spacing--20);margin-bottom:var(--wp--preset--spacing--20)\">Le d\u00e9lai de fabrication standard pour un bodyboard est de pr\u00e8s de 4 semaines.<\/p>\n\n\n\n<div style=\"height:20px\" aria-hidden=\"true\" class=\"wp-block-spacer\"><\/div>\n\n\n\n<p><a href=\"https:\/\/renard-et-belette.fr\/index.php\/pedalboards-custom-mono-niveau-fabrication-francaise-artisanale\/\">les mod\u00e8les \u00ab\u00a0SOLO\u00a0\u00bb<\/a><\/p>\n\n\n\n<p><a href=\"https:\/\/renard-et-belette.fr\/index.php\/pedalboards-classiques-double-niveau\/\">les mod\u00e8les \u00ab\u00a0DUO\u00a0\u00bb<\/a><\/p>\n\n\n\n<p><a href=\"https:\/\/renard-et-belette.fr\/index.php\/pedales-flasquees-bois\/\">les mod\u00e8les \u00ab\u00a0SOLOSCAF\u00a0\u00bb<\/a><\/p>\n\n\n\n<p><a href=\"https:\/\/renard-et-belette.fr\/index.php\/pedalboards-tout-imprimes-3d\/\">les mod\u00e8les \u00ab\u00a0100% 3D\u00a0\u00bb<\/a><\/p>\n\n\n\n<p><a href=\"https:\/\/renard-et-belette.fr\/index.php\/category\/realisations\/\">R\u00c9ALISATIONS<\/a><\/p>\n\n\n\n<p><a href=\"https:\/\/renard-et-belette.fr\/index.php\/personnaliser-son-pedalboard\/\">PERSONNALISER SON PEDALBOARD RENARD &amp; BELETTE<\/a><\/p>\n\n\n\n<p><a href=\"https:\/\/renard-et-belette.fr\/index.php\/devis-pedalboard-fabrication-france-artisanat-custom\/\">FAIRE UNE DEMANDE DE PRIX POUR PEDALBOARD<\/a><\/p>\n\n\n\n<p><\/p>\n","protected":false},"excerpt":{"rendered":"<p>Une fabrication fran\u00e7aise et artisanale Mes pedalboards Renard &amp; Belette sont fabriqu\u00e9s de fa\u00e7on artisanale. Il s&rsquo;agit de v\u00e9ritables pi\u00e8ces [&hellip;]<\/p>\n","protected":false},"author":1,"featured_media":1030,"parent":0,"menu_order":0,"comment_status":"closed","ping_status":"closed","template":"","meta":{"site-sidebar-layout":"default","site-content-layout":"","ast-site-content-layout":"","site-content-style":"default","site-sidebar-style":"default","ast-global-header-display":"","ast-banner-title-visibility":"","ast-main-header-display":"","ast-hfb-above-header-display":"","ast-hfb-below-header-display":"","ast-hfb-mobile-header-display":"","site-post-title":"disabled","ast-breadcrumbs-content":"","ast-featured-img":"disabled","footer-sml-layout":"","theme-transparent-header-meta":"","adv-header-id-meta":"","stick-header-meta":"","header-above-stick-meta":"","header-main-stick-meta":"","header-below-stick-meta":"","astra-migrate-meta-layouts":"default","ast-page-background-enabled":"default","ast-page-background-meta":{"desktop":{"background-color":"var(--ast-global-color-4)","background-image":"","background-repeat":"repeat","background-position":"center center","background-size":"auto","background-attachment":"scroll","background-type":"","background-media":"","overlay-type":"","overlay-color":"","overlay-opacity":"","overlay-gradient":""},"tablet":{"background-color":"","background-image":"","background-repeat":"repeat","background-position":"center center","background-size":"auto","background-attachment":"scroll","background-type":"","background-media":"","overlay-type":"","overlay-color":"","overlay-opacity":"","overlay-gradient":""},"mobile":{"background-color":"","background-image":"","background-repeat":"repeat","background-position":"center center","background-size":"auto","background-attachment":"scroll","background-type":"","background-media":"","overlay-type":"","overlay-color":"","overlay-opacity":"","overlay-gradient":""}},"ast-content-background-meta":{"desktop":{"background-color":"var(--ast-global-color-5)","background-image":"","background-repeat":"repeat","background-position":"center center","background-size":"auto","background-attachment":"scroll","background-type":"","background-media":"","overlay-type":"","overlay-color":"","overlay-opacity":"","overlay-gradient":""},"tablet":{"background-color":"var(--ast-global-color-5)","background-image":"","background-repeat":"repeat","background-position":"center center","background-size":"auto","background-attachment":"scroll","background-type":"","background-media":"","overlay-type":"","overlay-color":"","overlay-opacity":"","overlay-gradient":""},"mobile":{"background-color":"var(--ast-global-color-5)","background-image":"","background-repeat":"repeat","background-position":"center center","background-size":"auto","background-attachment":"scroll","background-type":"","background-media":"","overlay-type":"","overlay-color":"","overlay-opacity":"","overlay-gradient":""}},"footnotes":""},"class_list":["post-2337","page","type-page","status-publish","has-post-thumbnail","hentry"],"yoast_head":"<!-- This site is optimized with the Yoast SEO plugin v26.7 - https:\/\/yoast.com\/wordpress\/plugins\/seo\/ -->\n<title>Les pedalboards Renard &amp; Belette - Atelier RENARD et BELETTE<\/title>\n<meta name=\"robots\" content=\"index, follow, max-snippet:-1, max-image-preview:large, max-video-preview:-1\" \/>\n<link rel=\"canonical\" href=\"https:\/\/renard-et-belette.fr\/index.php\/les-pedalboards-renard-belette-2\/\" \/>\n<meta property=\"og:locale\" content=\"fr_FR\" \/>\n<meta property=\"og:type\" content=\"article\" \/>\n<meta property=\"og:title\" content=\"Les pedalboards Renard &amp; Belette - Atelier RENARD et BELETTE\" \/>\n<meta property=\"og:description\" content=\"Une fabrication fran\u00e7aise et artisanale Mes pedalboards Renard &amp; Belette sont fabriqu\u00e9s de fa\u00e7on artisanale. Il s&rsquo;agit de v\u00e9ritables pi\u00e8ces [&hellip;]\" \/>\n<meta property=\"og:url\" content=\"https:\/\/renard-et-belette.fr\/index.php\/les-pedalboards-renard-belette-2\/\" \/>\n<meta property=\"og:site_name\" content=\"Atelier RENARD et BELETTE\" \/>\n<meta property=\"article:modified_time\" content=\"2026-04-21T10:43:58+00:00\" \/>\n<meta property=\"og:image\" content=\"https:\/\/renard-et-belette.fr\/wp-content\/uploads\/2024\/05\/pedalbk8w-1.jpg\" \/>\n\t<meta property=\"og:image:width\" content=\"2000\" \/>\n\t<meta property=\"og:image:height\" content=\"1391\" \/>\n\t<meta property=\"og:image:type\" content=\"image\/jpeg\" \/>\n<meta name=\"twitter:card\" content=\"summary_large_image\" \/>\n<meta name=\"twitter:label1\" content=\"Dur\u00e9e de lecture estim\u00e9e\" \/>\n\t<meta name=\"twitter:data1\" content=\"3 minutes\" \/>\n<script type=\"application\/ld+json\" class=\"yoast-schema-graph\">{\"@context\":\"https:\/\/schema.org\",\"@graph\":[{\"@type\":\"WebPage\",\"@id\":\"https:\/\/renard-et-belette.fr\/index.php\/les-pedalboards-renard-belette-2\/\",\"url\":\"https:\/\/renard-et-belette.fr\/index.php\/les-pedalboards-renard-belette-2\/\",\"name\":\"Les pedalboards Renard &amp; Belette - Atelier RENARD et BELETTE\",\"isPartOf\":{\"@id\":\"https:\/\/renard-et-belette.fr\/#website\"},\"primaryImageOfPage\":{\"@id\":\"https:\/\/renard-et-belette.fr\/index.php\/les-pedalboards-renard-belette-2\/#primaryimage\"},\"image\":{\"@id\":\"https:\/\/renard-et-belette.fr\/index.php\/les-pedalboards-renard-belette-2\/#primaryimage\"},\"thumbnailUrl\":\"https:\/\/renard-et-belette.fr\/wp-content\/uploads\/2024\/05\/pedalbk8w-1.jpg\",\"datePublished\":\"2025-12-02T23:41:17+00:00\",\"dateModified\":\"2026-04-21T10:43:58+00:00\",\"breadcrumb\":{\"@id\":\"https:\/\/renard-et-belette.fr\/index.php\/les-pedalboards-renard-belette-2\/#breadcrumb\"},\"inLanguage\":\"fr-FR\",\"potentialAction\":[{\"@type\":\"ReadAction\",\"target\":[\"https:\/\/renard-et-belette.fr\/index.php\/les-pedalboards-renard-belette-2\/\"]}]},{\"@type\":\"ImageObject\",\"inLanguage\":\"fr-FR\",\"@id\":\"https:\/\/renard-et-belette.fr\/index.php\/les-pedalboards-renard-belette-2\/#primaryimage\",\"url\":\"https:\/\/renard-et-belette.fr\/wp-content\/uploads\/2024\/05\/pedalbk8w-1.jpg\",\"contentUrl\":\"https:\/\/renard-et-belette.fr\/wp-content\/uploads\/2024\/05\/pedalbk8w-1.jpg\",\"width\":2000,\"height\":1391,\"caption\":\"p\u00e9dalier (pedalboard) ch\u00eane massif (massive wood) design Renard & Belette, pour guitariste. P\u00e9dales Foxgear, Boss, Korg\"},{\"@type\":\"BreadcrumbList\",\"@id\":\"https:\/\/renard-et-belette.fr\/index.php\/les-pedalboards-renard-belette-2\/#breadcrumb\",\"itemListElement\":[{\"@type\":\"ListItem\",\"position\":1,\"name\":\"Accueil\",\"item\":\"https:\/\/renard-et-belette.fr\/\"},{\"@type\":\"ListItem\",\"position\":2,\"name\":\"Les pedalboards Renard &amp; Belette\"}]},{\"@type\":\"WebSite\",\"@id\":\"https:\/\/renard-et-belette.fr\/#website\",\"url\":\"https:\/\/renard-et-belette.fr\/\",\"name\":\"Atelier RENARD et BELETTE\",\"description\":\"Pedalboards, baguettes et accessoires custom fabriqu\u00e9s en France\",\"publisher\":{\"@id\":\"https:\/\/renard-et-belette.fr\/#organization\"},\"potentialAction\":[{\"@type\":\"SearchAction\",\"target\":{\"@type\":\"EntryPoint\",\"urlTemplate\":\"https:\/\/renard-et-belette.fr\/?s={search_term_string}\"},\"query-input\":{\"@type\":\"PropertyValueSpecification\",\"valueRequired\":true,\"valueName\":\"search_term_string\"}}],\"inLanguage\":\"fr-FR\"},{\"@type\":\"Organization\",\"@id\":\"https:\/\/renard-et-belette.fr\/#organization\",\"name\":\"Atelier RENARD et BELETTE\",\"url\":\"https:\/\/renard-et-belette.fr\/\",\"logo\":{\"@type\":\"ImageObject\",\"inLanguage\":\"fr-FR\",\"@id\":\"https:\/\/renard-et-belette.fr\/#\/schema\/logo\/image\/\",\"url\":\"https:\/\/renard-et-belette.fr\/wp-content\/uploads\/2024\/05\/logoweb-1.png\",\"contentUrl\":\"https:\/\/renard-et-belette.fr\/wp-content\/uploads\/2024\/05\/logoweb-1.png\",\"width\":731,\"height\":491,\"caption\":\"Atelier RENARD et BELETTE\"},\"image\":{\"@id\":\"https:\/\/renard-et-belette.fr\/#\/schema\/logo\/image\/\"}}]}<\/script>\n<!-- \/ Yoast SEO plugin. -->","yoast_head_json":{"title":"Les pedalboards Renard &amp; Belette - Atelier RENARD et BELETTE","robots":{"index":"index","follow":"follow","max-snippet":"max-snippet:-1","max-image-preview":"max-image-preview:large","max-video-preview":"max-video-preview:-1"},"canonical":"https:\/\/renard-et-belette.fr\/index.php\/les-pedalboards-renard-belette-2\/","og_locale":"fr_FR","og_type":"article","og_title":"Les pedalboards Renard &amp; Belette - Atelier RENARD et BELETTE","og_description":"Une fabrication fran\u00e7aise et artisanale Mes pedalboards Renard &amp; Belette sont fabriqu\u00e9s de fa\u00e7on artisanale. Il s&rsquo;agit de v\u00e9ritables pi\u00e8ces [&hellip;]","og_url":"https:\/\/renard-et-belette.fr\/index.php\/les-pedalboards-renard-belette-2\/","og_site_name":"Atelier RENARD et BELETTE","article_modified_time":"2026-04-21T10:43:58+00:00","og_image":[{"width":2000,"height":1391,"url":"https:\/\/renard-et-belette.fr\/wp-content\/uploads\/2024\/05\/pedalbk8w-1.jpg","type":"image\/jpeg"}],"twitter_card":"summary_large_image","twitter_misc":{"Dur\u00e9e de lecture estim\u00e9e":"3 minutes"},"schema":{"@context":"https:\/\/schema.org","@graph":[{"@type":"WebPage","@id":"https:\/\/renard-et-belette.fr\/index.php\/les-pedalboards-renard-belette-2\/","url":"https:\/\/renard-et-belette.fr\/index.php\/les-pedalboards-renard-belette-2\/","name":"Les pedalboards Renard &amp; Belette - Atelier RENARD et BELETTE","isPartOf":{"@id":"https:\/\/renard-et-belette.fr\/#website"},"primaryImageOfPage":{"@id":"https:\/\/renard-et-belette.fr\/index.php\/les-pedalboards-renard-belette-2\/#primaryimage"},"image":{"@id":"https:\/\/renard-et-belette.fr\/index.php\/les-pedalboards-renard-belette-2\/#primaryimage"},"thumbnailUrl":"https:\/\/renard-et-belette.fr\/wp-content\/uploads\/2024\/05\/pedalbk8w-1.jpg","datePublished":"2025-12-02T23:41:17+00:00","dateModified":"2026-04-21T10:43:58+00:00","breadcrumb":{"@id":"https:\/\/renard-et-belette.fr\/index.php\/les-pedalboards-renard-belette-2\/#breadcrumb"},"inLanguage":"fr-FR","potentialAction":[{"@type":"ReadAction","target":["https:\/\/renard-et-belette.fr\/index.php\/les-pedalboards-renard-belette-2\/"]}]},{"@type":"ImageObject","inLanguage":"fr-FR","@id":"https:\/\/renard-et-belette.fr\/index.php\/les-pedalboards-renard-belette-2\/#primaryimage","url":"https:\/\/renard-et-belette.fr\/wp-content\/uploads\/2024\/05\/pedalbk8w-1.jpg","contentUrl":"https:\/\/renard-et-belette.fr\/wp-content\/uploads\/2024\/05\/pedalbk8w-1.jpg","width":2000,"height":1391,"caption":"p\u00e9dalier (pedalboard) ch\u00eane massif (massive wood) design Renard & Belette, pour guitariste. P\u00e9dales Foxgear, Boss, Korg"},{"@type":"BreadcrumbList","@id":"https:\/\/renard-et-belette.fr\/index.php\/les-pedalboards-renard-belette-2\/#breadcrumb","itemListElement":[{"@type":"ListItem","position":1,"name":"Accueil","item":"https:\/\/renard-et-belette.fr\/"},{"@type":"ListItem","position":2,"name":"Les pedalboards Renard &amp; Belette"}]},{"@type":"WebSite","@id":"https:\/\/renard-et-belette.fr\/#website","url":"https:\/\/renard-et-belette.fr\/","name":"Atelier RENARD et BELETTE","description":"Pedalboards, baguettes et accessoires custom fabriqu\u00e9s en France","publisher":{"@id":"https:\/\/renard-et-belette.fr\/#organization"},"potentialAction":[{"@type":"SearchAction","target":{"@type":"EntryPoint","urlTemplate":"https:\/\/renard-et-belette.fr\/?s={search_term_string}"},"query-input":{"@type":"PropertyValueSpecification","valueRequired":true,"valueName":"search_term_string"}}],"inLanguage":"fr-FR"},{"@type":"Organization","@id":"https:\/\/renard-et-belette.fr\/#organization","name":"Atelier RENARD et BELETTE","url":"https:\/\/renard-et-belette.fr\/","logo":{"@type":"ImageObject","inLanguage":"fr-FR","@id":"https:\/\/renard-et-belette.fr\/#\/schema\/logo\/image\/","url":"https:\/\/renard-et-belette.fr\/wp-content\/uploads\/2024\/05\/logoweb-1.png","contentUrl":"https:\/\/renard-et-belette.fr\/wp-content\/uploads\/2024\/05\/logoweb-1.png","width":731,"height":491,"caption":"Atelier RENARD et BELETTE"},"image":{"@id":"https:\/\/renard-et-belette.fr\/#\/schema\/logo\/image\/"}}]}},"_links":{"self":[{"href":"https:\/\/renard-et-belette.fr\/index.php\/wp-json\/wp\/v2\/pages\/2337","targetHints":{"allow":["GET"]}}],"collection":[{"href":"https:\/\/renard-et-belette.fr\/index.php\/wp-json\/wp\/v2\/pages"}],"about":[{"href":"https:\/\/renard-et-belette.fr\/index.php\/wp-json\/wp\/v2\/types\/page"}],"author":[{"embeddable":true,"href":"https:\/\/renard-et-belette.fr\/index.php\/wp-json\/wp\/v2\/users\/1"}],"replies":[{"embeddable":true,"href":"https:\/\/renard-et-belette.fr\/index.php\/wp-json\/wp\/v2\/comments?post=2337"}],"version-history":[{"count":30,"href":"https:\/\/renard-et-belette.fr\/index.php\/wp-json\/wp\/v2\/pages\/2337\/revisions"}],"predecessor-version":[{"id":3699,"href":"https:\/\/renard-et-belette.fr\/index.php\/wp-json\/wp\/v2\/pages\/2337\/revisions\/3699"}],"wp:featuredmedia":[{"embeddable":true,"href":"https:\/\/renard-et-belette.fr\/index.php\/wp-json\/wp\/v2\/media\/1030"}],"wp:attachment":[{"href":"https:\/\/renard-et-belette.fr\/index.php\/wp-json\/wp\/v2\/media?parent=2337"}],"curies":[{"name":"wp","href":"https:\/\/api.w.org\/{rel}","templated":true}]}}