{"id":2844,"date":"2025-12-13T10:32:00","date_gmt":"2025-12-13T09:32:00","guid":{"rendered":"https:\/\/renard-et-belette.fr\/?page_id=2844"},"modified":"2026-01-12T14:30:01","modified_gmt":"2026-01-12T13:30:01","slug":"carte-cadeau","status":"publish","type":"page","link":"https:\/\/renard-et-belette.fr\/index.php\/carte-cadeau\/","title":{"rendered":"Carte-cadeau"},"content":{"rendered":"\n<p style=\"margin-top:0;margin-right:0;margin-bottom:0;margin-left:0;padding-top:var(--wp--preset--spacing--20);padding-right:0;padding-bottom:var(--wp--preset--spacing--20);padding-left:0\">Je propose des cartes-cadeaux \u00e0 offrir, valables pour une paire de baguettes \u00ab\u00a0finition custom\u00a0\u00bb :<\/p>\n\n\n\n<ul class=\"wp-block-list\">\n<li>Baguettes en bois de charme ou sycomore<\/li>\n\n\n\n<li>dans les formats 7A, 5A, 3A, 5B, 2B, 8D, S1, S2, S4 ou S9<\/li>\n\n\n\n<li>\u00ab\u00a0vernis mat\u00a0\u00bb ou \u00ab\u00a0huile + cire\u00a0\u00bb<\/li>\n\n\n\n<li>Marquage CUSTOM brun selon les souhaits du client (nom, signature, dessin, motif&#8230;.)<\/li>\n<\/ul>\n\n\n\n<div style=\"height:1em\" aria-hidden=\"true\" class=\"wp-block-spacer\"><\/div>\n\n\n\n<p style=\"margin-top:0;margin-right:0;margin-bottom:0;margin-left:0;padding-top:var(--wp--preset--spacing--20);padding-right:0;padding-bottom:var(--wp--preset--spacing--20);padding-left:0\">Le prix de la carte est de 40\u20ac (prix qui comprend la carte, l&rsquo;envoi de la carte par la poste et l&rsquo;envoi de la paire de baguettes).<\/p>\n\n\n\n<p style=\"margin-top:0;margin-right:0;margin-bottom:0;margin-left:0;padding-top:var(--wp--preset--spacing--20);padding-right:0;padding-bottom:var(--wp--preset--spacing--20);padding-left:0\">La personne qui re\u00e7oit la carte-cadeau se rapproche de moi pour exprimer sa demande (par mail ou t\u00e9l\u00e9phone) et re\u00e7oit sa paire de baguettes.<\/p>\n\n\n\n<p>ATTENTION : carte \u00e0 utiliser dans les 6 mois qui suivent son achat.<\/p>\n\n\n\n<div style=\"height:1em\" aria-hidden=\"true\" class=\"wp-block-spacer\"><\/div>\n\n\n\n<figure class=\"wp-block-image aligncenter size-full\"><img loading=\"lazy\" decoding=\"async\" width=\"315\" height=\"449\" src=\"https:\/\/renard-et-belette.fr\/wp-content\/uploads\/2025\/12\/carte-cadeau.jpg\" alt=\"carte cadeau\" class=\"wp-image-2868\" srcset=\"https:\/\/renard-et-belette.fr\/wp-content\/uploads\/2025\/12\/carte-cadeau.jpg 315w, https:\/\/renard-et-belette.fr\/wp-content\/uploads\/2025\/12\/carte-cadeau-210x300.jpg 210w\" sizes=\"auto, (max-width: 315px) 100vw, 315px\" \/><\/figure>\n\n\n\n<div class=\"wp-block-columns is-not-stacked-on-mobile is-layout-flex wp-container-core-columns-is-layout-28f84493 wp-block-columns-is-layout-flex\">\n<div class=\"wp-block-column is-layout-flow wp-block-column-is-layout-flow\">\n<div class=\"wp-block-buttons is-layout-flex wp-block-buttons-is-layout-flex\">\n<div class=\"wp-block-button has-custom-width wp-block-button__width-50\"><a class=\"wp-block-button__link has-medium-font-size has-custom-font-size wp-element-button\" href=\"https:\/\/renard-et-belette.fr\/index.php\/demande-de-prix-pour-paire-de-baguettes-custom\/\" style=\"padding-top:var(--wp--preset--spacing--20);padding-right:var(--wp--preset--spacing--20);padding-bottom:var(--wp--preset--spacing--20);padding-left:var(--wp--preset--spacing--20)\"><strong>&lt; Retour Tarifs<\/strong><\/a><\/div>\n<\/div>\n<\/div>\n\n\n\n<div class=\"wp-block-column is-layout-flow wp-block-column-is-layout-flow\"><\/div>\n<\/div>\n\n\n\n<p><\/p>\n","protected":false},"excerpt":{"rendered":"<p>Je propose des cartes-cadeaux \u00e0 offrir, valables pour une paire de baguettes \u00ab\u00a0finition custom\u00a0\u00bb : Le prix de la carte [&hellip;]<\/p>\n","protected":false},"author":1,"featured_media":0,"parent":0,"menu_order":0,"comment_status":"closed","ping_status":"closed","template":"","meta":{"site-sidebar-layout":"default","site-content-layout":"","ast-site-content-layout":"default","site-content-style":"default","site-sidebar-style":"default","ast-global-header-display":"","ast-banner-title-visibility":"","ast-main-header-display":"","ast-hfb-above-header-display":"","ast-hfb-below-header-display":"","ast-hfb-mobile-header-display":"","site-post-title":"","ast-breadcrumbs-content":"","ast-featured-img":"","footer-sml-layout":"","theme-transparent-header-meta":"","adv-header-id-meta":"","stick-header-meta":"","header-above-stick-meta":"","header-main-stick-meta":"","header-below-stick-meta":"","astra-migrate-meta-layouts":"default","ast-page-background-enabled":"default","ast-page-background-meta":{"desktop":{"background-color":"var(--ast-global-color-4)","background-image":"","background-repeat":"repeat","background-position":"center center","background-size":"auto","background-attachment":"scroll","background-type":"","background-media":"","overlay-type":"","overlay-color":"","overlay-opacity":"","overlay-gradient":""},"tablet":{"background-color":"","background-image":"","background-repeat":"repeat","background-position":"center center","background-size":"auto","background-attachment":"scroll","background-type":"","background-media":"","overlay-type":"","overlay-color":"","overlay-opacity":"","overlay-gradient":""},"mobile":{"background-color":"","background-image":"","background-repeat":"repeat","background-position":"center center","background-size":"auto","background-attachment":"scroll","background-type":"","background-media":"","overlay-type":"","overlay-color":"","overlay-opacity":"","overlay-gradient":""}},"ast-content-background-meta":{"desktop":{"background-color":"var(--ast-global-color-5)","background-image":"","background-repeat":"repeat","background-position":"center center","background-size":"auto","background-attachment":"scroll","background-type":"","background-media":"","overlay-type":"","overlay-color":"","overlay-opacity":"","overlay-gradient":""},"tablet":{"background-color":"var(--ast-global-color-5)","background-image":"","background-repeat":"repeat","background-position":"center center","background-size":"auto","background-attachment":"scroll","background-type":"","background-media":"","overlay-type":"","overlay-color":"","overlay-opacity":"","overlay-gradient":""},"mobile":{"background-color":"var(--ast-global-color-5)","background-image":"","background-repeat":"repeat","background-position":"center center","background-size":"auto","background-attachment":"scroll","background-type":"","background-media":"","overlay-type":"","overlay-color":"","overlay-opacity":"","overlay-gradient":""}},"footnotes":""},"class_list":["post-2844","page","type-page","status-publish","hentry"],"yoast_head":"<!-- This site is optimized with the Yoast SEO plugin v26.7 - https:\/\/yoast.com\/wordpress\/plugins\/seo\/ -->\n<title>Carte-cadeau - Atelier RENARD et BELETTE<\/title>\n<meta name=\"robots\" content=\"index, follow, max-snippet:-1, max-image-preview:large, max-video-preview:-1\" \/>\n<link rel=\"canonical\" href=\"https:\/\/renard-et-belette.fr\/index.php\/carte-cadeau\/\" \/>\n<meta property=\"og:locale\" content=\"fr_FR\" \/>\n<meta property=\"og:type\" content=\"article\" \/>\n<meta property=\"og:title\" content=\"Carte-cadeau - Atelier RENARD et BELETTE\" \/>\n<meta property=\"og:description\" content=\"Je propose des cartes-cadeaux \u00e0 offrir, valables pour une paire de baguettes \u00ab\u00a0finition custom\u00a0\u00bb : Le prix de la carte [&hellip;]\" \/>\n<meta property=\"og:url\" content=\"https:\/\/renard-et-belette.fr\/index.php\/carte-cadeau\/\" \/>\n<meta property=\"og:site_name\" content=\"Atelier RENARD et BELETTE\" \/>\n<meta property=\"article:modified_time\" content=\"2026-01-12T13:30:01+00:00\" \/>\n<meta property=\"og:image\" content=\"https:\/\/renard-et-belette.fr\/wp-content\/uploads\/2025\/12\/carte-cadeau.jpg\" \/>\n\t<meta property=\"og:image:width\" content=\"315\" \/>\n\t<meta property=\"og:image:height\" content=\"449\" \/>\n\t<meta property=\"og:image:type\" content=\"image\/jpeg\" \/>\n<meta name=\"twitter:card\" content=\"summary_large_image\" \/>\n<meta name=\"twitter:label1\" content=\"Dur\u00e9e de lecture estim\u00e9e\" \/>\n\t<meta name=\"twitter:data1\" content=\"1 minute\" \/>\n<script type=\"application\/ld+json\" class=\"yoast-schema-graph\">{\"@context\":\"https:\/\/schema.org\",\"@graph\":[{\"@type\":\"WebPage\",\"@id\":\"https:\/\/renard-et-belette.fr\/index.php\/carte-cadeau\/\",\"url\":\"https:\/\/renard-et-belette.fr\/index.php\/carte-cadeau\/\",\"name\":\"Carte-cadeau - Atelier RENARD et BELETTE\",\"isPartOf\":{\"@id\":\"https:\/\/renard-et-belette.fr\/#website\"},\"primaryImageOfPage\":{\"@id\":\"https:\/\/renard-et-belette.fr\/index.php\/carte-cadeau\/#primaryimage\"},\"image\":{\"@id\":\"https:\/\/renard-et-belette.fr\/index.php\/carte-cadeau\/#primaryimage\"},\"thumbnailUrl\":\"https:\/\/renard-et-belette.fr\/wp-content\/uploads\/2025\/12\/carte-cadeau.jpg\",\"datePublished\":\"2025-12-13T09:32:00+00:00\",\"dateModified\":\"2026-01-12T13:30:01+00:00\",\"breadcrumb\":{\"@id\":\"https:\/\/renard-et-belette.fr\/index.php\/carte-cadeau\/#breadcrumb\"},\"inLanguage\":\"fr-FR\",\"potentialAction\":[{\"@type\":\"ReadAction\",\"target\":[\"https:\/\/renard-et-belette.fr\/index.php\/carte-cadeau\/\"]}]},{\"@type\":\"ImageObject\",\"inLanguage\":\"fr-FR\",\"@id\":\"https:\/\/renard-et-belette.fr\/index.php\/carte-cadeau\/#primaryimage\",\"url\":\"https:\/\/renard-et-belette.fr\/wp-content\/uploads\/2025\/12\/carte-cadeau.jpg\",\"contentUrl\":\"https:\/\/renard-et-belette.fr\/wp-content\/uploads\/2025\/12\/carte-cadeau.jpg\",\"width\":315,\"height\":449,\"caption\":\"carte cadeau\"},{\"@type\":\"BreadcrumbList\",\"@id\":\"https:\/\/renard-et-belette.fr\/index.php\/carte-cadeau\/#breadcrumb\",\"itemListElement\":[{\"@type\":\"ListItem\",\"position\":1,\"name\":\"Accueil\",\"item\":\"https:\/\/renard-et-belette.fr\/\"},{\"@type\":\"ListItem\",\"position\":2,\"name\":\"Carte-cadeau\"}]},{\"@type\":\"WebSite\",\"@id\":\"https:\/\/renard-et-belette.fr\/#website\",\"url\":\"https:\/\/renard-et-belette.fr\/\",\"name\":\"Atelier RENARD et BELETTE\",\"description\":\"Pedalboards, baguettes et accessoires custom fabriqu\u00e9s en France\",\"publisher\":{\"@id\":\"https:\/\/renard-et-belette.fr\/#organization\"},\"potentialAction\":[{\"@type\":\"SearchAction\",\"target\":{\"@type\":\"EntryPoint\",\"urlTemplate\":\"https:\/\/renard-et-belette.fr\/?s={search_term_string}\"},\"query-input\":{\"@type\":\"PropertyValueSpecification\",\"valueRequired\":true,\"valueName\":\"search_term_string\"}}],\"inLanguage\":\"fr-FR\"},{\"@type\":\"Organization\",\"@id\":\"https:\/\/renard-et-belette.fr\/#organization\",\"name\":\"Atelier RENARD et BELETTE\",\"url\":\"https:\/\/renard-et-belette.fr\/\",\"logo\":{\"@type\":\"ImageObject\",\"inLanguage\":\"fr-FR\",\"@id\":\"https:\/\/renard-et-belette.fr\/#\/schema\/logo\/image\/\",\"url\":\"https:\/\/renard-et-belette.fr\/wp-content\/uploads\/2024\/05\/logoweb-1.png\",\"contentUrl\":\"https:\/\/renard-et-belette.fr\/wp-content\/uploads\/2024\/05\/logoweb-1.png\",\"width\":731,\"height\":491,\"caption\":\"Atelier RENARD et BELETTE\"},\"image\":{\"@id\":\"https:\/\/renard-et-belette.fr\/#\/schema\/logo\/image\/\"}}]}<\/script>\n<!-- \/ Yoast SEO plugin. -->","yoast_head_json":{"title":"Carte-cadeau - Atelier RENARD et BELETTE","robots":{"index":"index","follow":"follow","max-snippet":"max-snippet:-1","max-image-preview":"max-image-preview:large","max-video-preview":"max-video-preview:-1"},"canonical":"https:\/\/renard-et-belette.fr\/index.php\/carte-cadeau\/","og_locale":"fr_FR","og_type":"article","og_title":"Carte-cadeau - Atelier RENARD et BELETTE","og_description":"Je propose des cartes-cadeaux \u00e0 offrir, valables pour une paire de baguettes \u00ab\u00a0finition custom\u00a0\u00bb : Le prix de la carte [&hellip;]","og_url":"https:\/\/renard-et-belette.fr\/index.php\/carte-cadeau\/","og_site_name":"Atelier RENARD et BELETTE","article_modified_time":"2026-01-12T13:30:01+00:00","og_image":[{"width":315,"height":449,"url":"https:\/\/renard-et-belette.fr\/wp-content\/uploads\/2025\/12\/carte-cadeau.jpg","type":"image\/jpeg"}],"twitter_card":"summary_large_image","twitter_misc":{"Dur\u00e9e de lecture estim\u00e9e":"1 minute"},"schema":{"@context":"https:\/\/schema.org","@graph":[{"@type":"WebPage","@id":"https:\/\/renard-et-belette.fr\/index.php\/carte-cadeau\/","url":"https:\/\/renard-et-belette.fr\/index.php\/carte-cadeau\/","name":"Carte-cadeau - Atelier RENARD et BELETTE","isPartOf":{"@id":"https:\/\/renard-et-belette.fr\/#website"},"primaryImageOfPage":{"@id":"https:\/\/renard-et-belette.fr\/index.php\/carte-cadeau\/#primaryimage"},"image":{"@id":"https:\/\/renard-et-belette.fr\/index.php\/carte-cadeau\/#primaryimage"},"thumbnailUrl":"https:\/\/renard-et-belette.fr\/wp-content\/uploads\/2025\/12\/carte-cadeau.jpg","datePublished":"2025-12-13T09:32:00+00:00","dateModified":"2026-01-12T13:30:01+00:00","breadcrumb":{"@id":"https:\/\/renard-et-belette.fr\/index.php\/carte-cadeau\/#breadcrumb"},"inLanguage":"fr-FR","potentialAction":[{"@type":"ReadAction","target":["https:\/\/renard-et-belette.fr\/index.php\/carte-cadeau\/"]}]},{"@type":"ImageObject","inLanguage":"fr-FR","@id":"https:\/\/renard-et-belette.fr\/index.php\/carte-cadeau\/#primaryimage","url":"https:\/\/renard-et-belette.fr\/wp-content\/uploads\/2025\/12\/carte-cadeau.jpg","contentUrl":"https:\/\/renard-et-belette.fr\/wp-content\/uploads\/2025\/12\/carte-cadeau.jpg","width":315,"height":449,"caption":"carte cadeau"},{"@type":"BreadcrumbList","@id":"https:\/\/renard-et-belette.fr\/index.php\/carte-cadeau\/#breadcrumb","itemListElement":[{"@type":"ListItem","position":1,"name":"Accueil","item":"https:\/\/renard-et-belette.fr\/"},{"@type":"ListItem","position":2,"name":"Carte-cadeau"}]},{"@type":"WebSite","@id":"https:\/\/renard-et-belette.fr\/#website","url":"https:\/\/renard-et-belette.fr\/","name":"Atelier RENARD et BELETTE","description":"Pedalboards, baguettes et accessoires custom fabriqu\u00e9s en France","publisher":{"@id":"https:\/\/renard-et-belette.fr\/#organization"},"potentialAction":[{"@type":"SearchAction","target":{"@type":"EntryPoint","urlTemplate":"https:\/\/renard-et-belette.fr\/?s={search_term_string}"},"query-input":{"@type":"PropertyValueSpecification","valueRequired":true,"valueName":"search_term_string"}}],"inLanguage":"fr-FR"},{"@type":"Organization","@id":"https:\/\/renard-et-belette.fr\/#organization","name":"Atelier RENARD et BELETTE","url":"https:\/\/renard-et-belette.fr\/","logo":{"@type":"ImageObject","inLanguage":"fr-FR","@id":"https:\/\/renard-et-belette.fr\/#\/schema\/logo\/image\/","url":"https:\/\/renard-et-belette.fr\/wp-content\/uploads\/2024\/05\/logoweb-1.png","contentUrl":"https:\/\/renard-et-belette.fr\/wp-content\/uploads\/2024\/05\/logoweb-1.png","width":731,"height":491,"caption":"Atelier RENARD et BELETTE"},"image":{"@id":"https:\/\/renard-et-belette.fr\/#\/schema\/logo\/image\/"}}]}},"_links":{"self":[{"href":"https:\/\/renard-et-belette.fr\/index.php\/wp-json\/wp\/v2\/pages\/2844","targetHints":{"allow":["GET"]}}],"collection":[{"href":"https:\/\/renard-et-belette.fr\/index.php\/wp-json\/wp\/v2\/pages"}],"about":[{"href":"https:\/\/renard-et-belette.fr\/index.php\/wp-json\/wp\/v2\/types\/page"}],"author":[{"embeddable":true,"href":"https:\/\/renard-et-belette.fr\/index.php\/wp-json\/wp\/v2\/users\/1"}],"replies":[{"embeddable":true,"href":"https:\/\/renard-et-belette.fr\/index.php\/wp-json\/wp\/v2\/comments?post=2844"}],"version-history":[{"count":7,"href":"https:\/\/renard-et-belette.fr\/index.php\/wp-json\/wp\/v2\/pages\/2844\/revisions"}],"predecessor-version":[{"id":3030,"href":"https:\/\/renard-et-belette.fr\/index.php\/wp-json\/wp\/v2\/pages\/2844\/revisions\/3030"}],"wp:attachment":[{"href":"https:\/\/renard-et-belette.fr\/index.php\/wp-json\/wp\/v2\/media?parent=2844"}],"curies":[{"name":"wp","href":"https:\/\/api.w.org\/{rel}","templated":true}]}}