{"id":3,"date":"2024-05-02T11:54:40","date_gmt":"2024-05-02T09:54:40","guid":{"rendered":"http:\/\/renard-et-belette.fr\/?page_id=3"},"modified":"2024-05-11T00:47:28","modified_gmt":"2024-05-10T22:47:28","slug":"politique-confidentialite","status":"publish","type":"page","link":"https:\/\/renard-et-belette.fr\/index.php\/presentation-de-lentreprise\/politique-confidentialite\/","title":{"rendered":"politique de confidentialit\u00e9"},"content":{"rendered":"\n<p>L\u2019adresse de notre site est&nbsp;: https:\/\/renard-et-belette.fr.<\/p>\n\n\n\n<p>le mail de contact est : <a href=\"mailto:atelier@renard-et-belette.fr\">atelier@renard-et-belette.fr<\/a><\/p>\n\n\n\n<p>Si vous vous rendez sur la page de connexion, un cookie temporaire sera cr\u00e9\u00e9 afin de d\u00e9terminer si votre navigateur accepte les cookies. Il ne contient pas de donn\u00e9es personnelles et sera supprim\u00e9 automatiquement \u00e0 la fermeture de votre navigateur.<\/p>\n\n\n\n<p>Lorsque vous vous connecterez, nous mettrons en place un certain nombre de cookies pour enregistrer vos informations de connexion et vos pr\u00e9f\u00e9rences d\u2019\u00e9cran. La dur\u00e9e de vie d\u2019un cookie de connexion est de deux jours, celle d\u2019un cookie d\u2019option d\u2019\u00e9cran est d\u2019un an. Si vous cochez \u00ab&nbsp;Se souvenir de moi&nbsp;\u00bb, votre cookie de connexion sera conserv\u00e9 pendant deux semaines. Si vous vous d\u00e9connectez de votre compte, le cookie de connexion sera effac\u00e9.<\/p>\n\n\n\n<p>Les articles de ce site peuvent inclure des contenus int\u00e9gr\u00e9s (par exemple des vid\u00e9os, images, articles\u2026). Le contenu int\u00e9gr\u00e9 depuis d\u2019autres sites se comporte de la m\u00eame mani\u00e8re que si le visiteur se rendait sur cet autre site.<\/p>\n\n\n\n<p>Ces sites web pourraient collecter des donn\u00e9es sur vous, utiliser des cookies, embarquer des outils de suivis tiers, suivre vos interactions avec ces contenus embarqu\u00e9s si vous disposez d\u2019un compte connect\u00e9 sur leur site web.<\/p>\n","protected":false},"excerpt":{"rendered":"<p>L\u2019adresse de notre site est&nbsp;: https:\/\/renard-et-belette.fr. le mail de contact est : atelier@renard-et-belette.fr Si vous vous rendez sur la page [&hellip;]<\/p>\n","protected":false},"author":1,"featured_media":0,"parent":285,"menu_order":5,"comment_status":"closed","ping_status":"closed","template":"","meta":{"site-sidebar-layout":"default","site-content-layout":"","ast-site-content-layout":"default","site-content-style":"default","site-sidebar-style":"default","ast-global-header-display":"","ast-banner-title-visibility":"","ast-main-header-display":"","ast-hfb-above-header-display":"","ast-hfb-below-header-display":"","ast-hfb-mobile-header-display":"","site-post-title":"","ast-breadcrumbs-content":"","ast-featured-img":"","footer-sml-layout":"","theme-transparent-header-meta":"","adv-header-id-meta":"","stick-header-meta":"","header-above-stick-meta":"","header-main-stick-meta":"","header-below-stick-meta":"","astra-migrate-meta-layouts":"default","ast-page-background-enabled":"default","ast-page-background-meta":{"desktop":{"background-color":"var(--ast-global-color-4)","background-image":"","background-repeat":"repeat","background-position":"center center","background-size":"auto","background-attachment":"scroll","background-type":"","background-media":"","overlay-type":"","overlay-color":"","overlay-opacity":"","overlay-gradient":""},"tablet":{"background-color":"","background-image":"","background-repeat":"repeat","background-position":"center center","background-size":"auto","background-attachment":"scroll","background-type":"","background-media":"","overlay-type":"","overlay-color":"","overlay-opacity":"","overlay-gradient":""},"mobile":{"background-color":"","background-image":"","background-repeat":"repeat","background-position":"center center","background-size":"auto","background-attachment":"scroll","background-type":"","background-media":"","overlay-type":"","overlay-color":"","overlay-opacity":"","overlay-gradient":""}},"ast-content-background-meta":{"desktop":{"background-color":"var(--ast-global-color-5)","background-image":"","background-repeat":"repeat","background-position":"center center","background-size":"auto","background-attachment":"scroll","background-type":"","background-media":"","overlay-type":"","overlay-color":"","overlay-opacity":"","overlay-gradient":""},"tablet":{"background-color":"var(--ast-global-color-5)","background-image":"","background-repeat":"repeat","background-position":"center center","background-size":"auto","background-attachment":"scroll","background-type":"","background-media":"","overlay-type":"","overlay-color":"","overlay-opacity":"","overlay-gradient":""},"mobile":{"background-color":"var(--ast-global-color-5)","background-image":"","background-repeat":"repeat","background-position":"center center","background-size":"auto","background-attachment":"scroll","background-type":"","background-media":"","overlay-type":"","overlay-color":"","overlay-opacity":"","overlay-gradient":""}},"footnotes":""},"class_list":["post-3","page","type-page","status-publish","hentry"],"yoast_head":"<!-- This site is optimized with the Yoast SEO plugin v26.7 - https:\/\/yoast.com\/wordpress\/plugins\/seo\/ -->\n<title>politique de confidentialit\u00e9 - Atelier RENARD et BELETTE<\/title>\n<meta name=\"robots\" content=\"index, follow, max-snippet:-1, max-image-preview:large, max-video-preview:-1\" \/>\n<link rel=\"canonical\" href=\"https:\/\/renard-et-belette.fr\/index.php\/presentation-de-lentreprise\/politique-confidentialite\/\" \/>\n<meta property=\"og:locale\" content=\"fr_FR\" \/>\n<meta property=\"og:type\" content=\"article\" \/>\n<meta property=\"og:title\" content=\"politique de confidentialit\u00e9 - Atelier RENARD et BELETTE\" \/>\n<meta property=\"og:description\" content=\"L\u2019adresse de notre site est&nbsp;: https:\/\/renard-et-belette.fr. le mail de contact est : atelier@renard-et-belette.fr Si vous vous rendez sur la page [&hellip;]\" \/>\n<meta property=\"og:url\" content=\"https:\/\/renard-et-belette.fr\/index.php\/presentation-de-lentreprise\/politique-confidentialite\/\" \/>\n<meta property=\"og:site_name\" content=\"Atelier RENARD et BELETTE\" \/>\n<meta property=\"article:modified_time\" content=\"2024-05-10T22:47:28+00:00\" \/>\n<meta name=\"twitter:card\" content=\"summary_large_image\" \/>\n<meta name=\"twitter:label1\" content=\"Dur\u00e9e de lecture estim\u00e9e\" \/>\n\t<meta name=\"twitter:data1\" content=\"1 minute\" \/>\n<script type=\"application\/ld+json\" class=\"yoast-schema-graph\">{\"@context\":\"https:\/\/schema.org\",\"@graph\":[{\"@type\":\"WebPage\",\"@id\":\"https:\/\/renard-et-belette.fr\/index.php\/presentation-de-lentreprise\/politique-confidentialite\/\",\"url\":\"https:\/\/renard-et-belette.fr\/index.php\/presentation-de-lentreprise\/politique-confidentialite\/\",\"name\":\"politique de confidentialit\u00e9 - Atelier RENARD et BELETTE\",\"isPartOf\":{\"@id\":\"https:\/\/renard-et-belette.fr\/#website\"},\"datePublished\":\"2024-05-02T09:54:40+00:00\",\"dateModified\":\"2024-05-10T22:47:28+00:00\",\"breadcrumb\":{\"@id\":\"https:\/\/renard-et-belette.fr\/index.php\/presentation-de-lentreprise\/politique-confidentialite\/#breadcrumb\"},\"inLanguage\":\"fr-FR\",\"potentialAction\":[{\"@type\":\"ReadAction\",\"target\":[\"https:\/\/renard-et-belette.fr\/index.php\/presentation-de-lentreprise\/politique-confidentialite\/\"]}]},{\"@type\":\"BreadcrumbList\",\"@id\":\"https:\/\/renard-et-belette.fr\/index.php\/presentation-de-lentreprise\/politique-confidentialite\/#breadcrumb\",\"itemListElement\":[{\"@type\":\"ListItem\",\"position\":1,\"name\":\"Accueil\",\"item\":\"https:\/\/renard-et-belette.fr\/\"},{\"@type\":\"ListItem\",\"position\":2,\"name\":\"L&rsquo;entreprise\",\"item\":\"https:\/\/renard-et-belette.fr\/index.php\/presentation-de-lentreprise\/\"},{\"@type\":\"ListItem\",\"position\":3,\"name\":\"politique de confidentialit\u00e9\"}]},{\"@type\":\"WebSite\",\"@id\":\"https:\/\/renard-et-belette.fr\/#website\",\"url\":\"https:\/\/renard-et-belette.fr\/\",\"name\":\"Atelier RENARD et BELETTE\",\"description\":\"Pedalboards, baguettes et accessoires custom fabriqu\u00e9s en France\",\"publisher\":{\"@id\":\"https:\/\/renard-et-belette.fr\/#organization\"},\"potentialAction\":[{\"@type\":\"SearchAction\",\"target\":{\"@type\":\"EntryPoint\",\"urlTemplate\":\"https:\/\/renard-et-belette.fr\/?s={search_term_string}\"},\"query-input\":{\"@type\":\"PropertyValueSpecification\",\"valueRequired\":true,\"valueName\":\"search_term_string\"}}],\"inLanguage\":\"fr-FR\"},{\"@type\":\"Organization\",\"@id\":\"https:\/\/renard-et-belette.fr\/#organization\",\"name\":\"Atelier RENARD et BELETTE\",\"url\":\"https:\/\/renard-et-belette.fr\/\",\"logo\":{\"@type\":\"ImageObject\",\"inLanguage\":\"fr-FR\",\"@id\":\"https:\/\/renard-et-belette.fr\/#\/schema\/logo\/image\/\",\"url\":\"https:\/\/renard-et-belette.fr\/wp-content\/uploads\/2024\/05\/logoweb-1.png\",\"contentUrl\":\"https:\/\/renard-et-belette.fr\/wp-content\/uploads\/2024\/05\/logoweb-1.png\",\"width\":731,\"height\":491,\"caption\":\"Atelier RENARD et BELETTE\"},\"image\":{\"@id\":\"https:\/\/renard-et-belette.fr\/#\/schema\/logo\/image\/\"}}]}<\/script>\n<!-- \/ Yoast SEO plugin. -->","yoast_head_json":{"title":"politique de confidentialit\u00e9 - Atelier RENARD et BELETTE","robots":{"index":"index","follow":"follow","max-snippet":"max-snippet:-1","max-image-preview":"max-image-preview:large","max-video-preview":"max-video-preview:-1"},"canonical":"https:\/\/renard-et-belette.fr\/index.php\/presentation-de-lentreprise\/politique-confidentialite\/","og_locale":"fr_FR","og_type":"article","og_title":"politique de confidentialit\u00e9 - Atelier RENARD et BELETTE","og_description":"L\u2019adresse de notre site est&nbsp;: https:\/\/renard-et-belette.fr. le mail de contact est : atelier@renard-et-belette.fr Si vous vous rendez sur la page [&hellip;]","og_url":"https:\/\/renard-et-belette.fr\/index.php\/presentation-de-lentreprise\/politique-confidentialite\/","og_site_name":"Atelier RENARD et BELETTE","article_modified_time":"2024-05-10T22:47:28+00:00","twitter_card":"summary_large_image","twitter_misc":{"Dur\u00e9e de lecture estim\u00e9e":"1 minute"},"schema":{"@context":"https:\/\/schema.org","@graph":[{"@type":"WebPage","@id":"https:\/\/renard-et-belette.fr\/index.php\/presentation-de-lentreprise\/politique-confidentialite\/","url":"https:\/\/renard-et-belette.fr\/index.php\/presentation-de-lentreprise\/politique-confidentialite\/","name":"politique de confidentialit\u00e9 - Atelier RENARD et BELETTE","isPartOf":{"@id":"https:\/\/renard-et-belette.fr\/#website"},"datePublished":"2024-05-02T09:54:40+00:00","dateModified":"2024-05-10T22:47:28+00:00","breadcrumb":{"@id":"https:\/\/renard-et-belette.fr\/index.php\/presentation-de-lentreprise\/politique-confidentialite\/#breadcrumb"},"inLanguage":"fr-FR","potentialAction":[{"@type":"ReadAction","target":["https:\/\/renard-et-belette.fr\/index.php\/presentation-de-lentreprise\/politique-confidentialite\/"]}]},{"@type":"BreadcrumbList","@id":"https:\/\/renard-et-belette.fr\/index.php\/presentation-de-lentreprise\/politique-confidentialite\/#breadcrumb","itemListElement":[{"@type":"ListItem","position":1,"name":"Accueil","item":"https:\/\/renard-et-belette.fr\/"},{"@type":"ListItem","position":2,"name":"L&rsquo;entreprise","item":"https:\/\/renard-et-belette.fr\/index.php\/presentation-de-lentreprise\/"},{"@type":"ListItem","position":3,"name":"politique de confidentialit\u00e9"}]},{"@type":"WebSite","@id":"https:\/\/renard-et-belette.fr\/#website","url":"https:\/\/renard-et-belette.fr\/","name":"Atelier RENARD et BELETTE","description":"Pedalboards, baguettes et accessoires custom fabriqu\u00e9s en France","publisher":{"@id":"https:\/\/renard-et-belette.fr\/#organization"},"potentialAction":[{"@type":"SearchAction","target":{"@type":"EntryPoint","urlTemplate":"https:\/\/renard-et-belette.fr\/?s={search_term_string}"},"query-input":{"@type":"PropertyValueSpecification","valueRequired":true,"valueName":"search_term_string"}}],"inLanguage":"fr-FR"},{"@type":"Organization","@id":"https:\/\/renard-et-belette.fr\/#organization","name":"Atelier RENARD et BELETTE","url":"https:\/\/renard-et-belette.fr\/","logo":{"@type":"ImageObject","inLanguage":"fr-FR","@id":"https:\/\/renard-et-belette.fr\/#\/schema\/logo\/image\/","url":"https:\/\/renard-et-belette.fr\/wp-content\/uploads\/2024\/05\/logoweb-1.png","contentUrl":"https:\/\/renard-et-belette.fr\/wp-content\/uploads\/2024\/05\/logoweb-1.png","width":731,"height":491,"caption":"Atelier RENARD et BELETTE"},"image":{"@id":"https:\/\/renard-et-belette.fr\/#\/schema\/logo\/image\/"}}]}},"_links":{"self":[{"href":"https:\/\/renard-et-belette.fr\/index.php\/wp-json\/wp\/v2\/pages\/3","targetHints":{"allow":["GET"]}}],"collection":[{"href":"https:\/\/renard-et-belette.fr\/index.php\/wp-json\/wp\/v2\/pages"}],"about":[{"href":"https:\/\/renard-et-belette.fr\/index.php\/wp-json\/wp\/v2\/types\/page"}],"author":[{"embeddable":true,"href":"https:\/\/renard-et-belette.fr\/index.php\/wp-json\/wp\/v2\/users\/1"}],"replies":[{"embeddable":true,"href":"https:\/\/renard-et-belette.fr\/index.php\/wp-json\/wp\/v2\/comments?post=3"}],"version-history":[{"count":11,"href":"https:\/\/renard-et-belette.fr\/index.php\/wp-json\/wp\/v2\/pages\/3\/revisions"}],"predecessor-version":[{"id":939,"href":"https:\/\/renard-et-belette.fr\/index.php\/wp-json\/wp\/v2\/pages\/3\/revisions\/939"}],"up":[{"embeddable":true,"href":"https:\/\/renard-et-belette.fr\/index.php\/wp-json\/wp\/v2\/pages\/285"}],"wp:attachment":[{"href":"https:\/\/renard-et-belette.fr\/index.php\/wp-json\/wp\/v2\/media?parent=3"}],"curies":[{"name":"wp","href":"https:\/\/api.w.org\/{rel}","templated":true}]}}