{"id":3478,"date":"2026-03-09T15:05:40","date_gmt":"2026-03-09T14:05:40","guid":{"rendered":"https:\/\/renard-et-belette.fr\/?page_id=3478"},"modified":"2026-03-09T23:51:52","modified_gmt":"2026-03-09T22:51:52","slug":"personnaliser-baguettes-taiko-artisan-france-bachi","status":"publish","type":"page","link":"https:\/\/renard-et-belette.fr\/index.php\/personnaliser-baguettes-taiko-artisan-france-bachi\/","title":{"rendered":"Les baguettes de TAIKO"},"content":{"rendered":"\n<h2 class=\"wp-block-heading has-ast-global-color-1-color has-text-color has-link-color wp-elements-91f1ded24fb01d9f4c05d8322c0a4204\" style=\"margin-top:0;margin-bottom:0;padding-top:0;padding-bottom:0\"><strong>LE BOIS<\/strong><\/h2>\n\n\n\n<div class=\"wp-block-columns is-layout-flex wp-container-core-columns-is-layout-20bb992b wp-block-columns-is-layout-flex\" style=\"margin-top:0;margin-bottom:0;padding-top:0;padding-right:0;padding-bottom:0;padding-left:0\">\n<div class=\"wp-block-column is-layout-flow wp-container-core-column-is-layout-b2a27621 wp-block-column-is-layout-flow\" style=\"padding-top:0;padding-right:0;padding-bottom:0;padding-left:0;flex-basis:70%\">\n<p style=\"padding-top:var(--wp--preset--spacing--20);padding-bottom:0\">Je propose uniquement des bois ayant pouss\u00e9 en France. J&rsquo;ai s\u00e9lectionn\u00e9 et valid\u00e9 quatre bois avec des caract\u00e9ristiques tr\u00e8s diff\u00e9rentes :<\/p>\n\n\n\n<div style=\"margin-top:0;margin-bottom:0;height:1em\" aria-hidden=\"true\" class=\"wp-block-spacer\"><\/div>\n\n\n\n<p style=\"margin-top:0;margin-bottom:0;padding-top:0;padding-right:0;padding-bottom:0;padding-left:0\"><strong>le charme<\/strong> (<em>Carpinus betulus<\/em>, \u00ab&nbsp;Hornbeam&nbsp;\u00bb en anglais) qui pr\u00e9sente une grande duret\u00e9 associ\u00e9e \u00e0 un grain fin. Il r\u00e9siste notamment tr\u00e8s bien \u00e0 la fissuration et aux impacts r\u00e9p\u00e9t\u00e9s. Pour ces raisons, c&rsquo;est le bois dont on fait les plots de boucher. Sa densit\u00e9 est similaire au Kashi (ch\u00eane japonais), il est un peu plus dur cependant.<\/p>\n\n\n\n<div style=\"height:1em\" aria-hidden=\"true\" class=\"wp-block-spacer\"><\/div>\n\n\n\n<p style=\"margin-top:0;margin-bottom:0;padding-top:0;padding-right:0;padding-bottom:0;padding-left:0\"><strong>le h\u00eatre<\/strong> (<em>fagus Sylvatica<\/em>, \u00ab\u00a0Beech\u00a0\u00bb) qui pr\u00e9sente des caract\u00e9ristiques interm\u00e9diaires entre le charme et l&rsquo;\u00e9rable.<\/p>\n\n\n\n<div style=\"height:1em\" aria-hidden=\"true\" class=\"wp-block-spacer\"><\/div>\n\n\n\n<p style=\"margin-top:0;margin-bottom:0;padding-top:0;padding-right:0;padding-bottom:0;padding-left:0\"><strong>L&rsquo;\u00e9rable sycomore<\/strong> (<em>Acer pseudoplatanus<\/em>, \u00ab\u00a0Sycamore maple\u00a0\u00bb en anglais ) qui est plus l\u00e9ger et plus souple que les pr\u00e9c\u00e9dents, ce qui le rend plus agr\u00e9able et confortable \u00e0 jouer. Ses caract\u00e9ristiques sont proches du Kaede (\u00e9rable du Japon, un cousin du m\u00eame m\u00eame genre <em>Acer<\/em>), mais avec quelques diff\u00e9rences.<\/p>\n\n\n\n<div style=\"height:1em\" aria-hidden=\"true\" class=\"wp-block-spacer\"><\/div>\n\n\n\n<p><strong>Le tulipier de Virginie,<\/strong> (<em>Liriodendron tulipifera<\/em>, \u00ab\u00a0Tulipwood\u00a0\u00bb en anglais ) qui est un bois originaire d&rsquo;Am\u00e9rique du Nord mais introduit en Europe d\u00e8s le XVII\u00e8me si\u00e8cle. C&rsquo;est le plus l\u00e9ger et le plus souple. On peut le rapprocher du Ho (Magniolia du Japon, un cousin de la m\u00eame famille des Magnoliac\u00e9es) bien que l\u00e9g\u00e8rement diff\u00e9rent.<\/p>\n<\/div>\n\n\n\n<div class=\"wp-block-column is-layout-flow wp-block-column-is-layout-flow\" style=\"flex-basis:30%\">\n<figure data-wp-context=\"{&quot;imageId&quot;:&quot;69eb56fda1b7e&quot;}\" data-wp-interactive=\"core\/image\" data-wp-key=\"69eb56fda1b7e\" class=\"wp-block-image aligncenter size-large wp-lightbox-container\" style=\"margin-top:0;margin-bottom:0\"><img loading=\"lazy\" decoding=\"async\" width=\"1024\" height=\"520\" data-wp-class--hide=\"state.isContentHidden\" data-wp-class--show=\"state.isContentVisible\" data-wp-init=\"callbacks.setButtonStyles\" data-wp-on--click=\"actions.showLightbox\" data-wp-on--load=\"callbacks.setButtonStyles\" data-wp-on-window--resize=\"callbacks.setButtonStyles\" src=\"https:\/\/renard-et-belette.fr\/wp-content\/uploads\/2026\/03\/taiko-bachi-403x19-1-1024x520.jpeg\" alt=\"\" class=\"wp-image-3500\" srcset=\"https:\/\/renard-et-belette.fr\/wp-content\/uploads\/2026\/03\/taiko-bachi-403x19-1-1024x520.jpeg 1024w, https:\/\/renard-et-belette.fr\/wp-content\/uploads\/2026\/03\/taiko-bachi-403x19-1-300x152.jpeg 300w, https:\/\/renard-et-belette.fr\/wp-content\/uploads\/2026\/03\/taiko-bachi-403x19-1-768x390.jpeg 768w, https:\/\/renard-et-belette.fr\/wp-content\/uploads\/2026\/03\/taiko-bachi-403x19-1-1536x780.jpeg 1536w, https:\/\/renard-et-belette.fr\/wp-content\/uploads\/2026\/03\/taiko-bachi-403x19-1-2048x1040.jpeg 2048w\" sizes=\"auto, (max-width: 1024px) 100vw, 1024px\" \/><button\n\t\t\tclass=\"lightbox-trigger\"\n\t\t\ttype=\"button\"\n\t\t\taria-haspopup=\"dialog\"\n\t\t\taria-label=\"Agrandir\"\n\t\t\tdata-wp-init=\"callbacks.initTriggerButton\"\n\t\t\tdata-wp-on--click=\"actions.showLightbox\"\n\t\t\tdata-wp-style--right=\"state.imageButtonRight\"\n\t\t\tdata-wp-style--top=\"state.imageButtonTop\"\n\t\t>\n\t\t\t<svg xmlns=\"http:\/\/www.w3.org\/2000\/svg\" width=\"12\" height=\"12\" fill=\"none\" viewBox=\"0 0 12 12\">\n\t\t\t\t<path fill=\"#fff\" d=\"M2 0a2 2 0 0 0-2 2v2h1.5V2a.5.5 0 0 1 .5-.5h2V0H2Zm2 10.5H2a.5.5 0 0 1-.5-.5V8H0v2a2 2 0 0 0 2 2h2v-1.5ZM8 12v-1.5h2a.5.5 0 0 0 .5-.5V8H12v2a2 2 0 0 1-2 2H8Zm2-12a2 2 0 0 1 2 2v2h-1.5V2a.5.5 0 0 0-.5-.5H8V0h2Z\" \/>\n\t\t\t<\/svg>\n\t\t<\/button><\/figure>\n<\/div>\n<\/div>\n\n\n\n<div style=\"margin-top:0;margin-bottom:0;height:2em\" aria-hidden=\"true\" class=\"wp-block-spacer\"><\/div>\n\n\n\n<figure class=\"wp-block-table\"><table><thead><tr><th>Bois<\/th><th>Duret\u00e9<\/th><th>Rebond<\/th><th>Poids<\/th><th>Sonorit\u00e9<\/th><th>Usage Recommand\u00e9<\/th><\/tr><\/thead><tbody><tr><td><strong>Charme<\/strong><\/td><td>Tr\u00e8s \u00e9lev\u00e9e<\/td><td>Vif<\/td><td>lourd<\/td><td>Sec et percutant<\/td><td>Puissance et pr\u00e9cision<\/td><\/tr><tr><td><strong>H\u00eatre<\/strong><\/td><td>\u00c9lev\u00e9e<\/td><td>\u00c9quilibr\u00e9<\/td><td>Moyen<\/td><td>\u00c9quilibr\u00e9<\/td><td>Polyvalence et jeu dynamique<\/td><\/tr><tr><td><strong>Sycomore<\/strong><\/td><td>Moyenne<\/td><td>R\u00e9actif<\/td><td>L\u00e9ger<\/td><td>\u00c9quilibr\u00e9<\/td><td>Polyvalence et confort<\/td><\/tr><tr><td><strong>Tulipier<\/strong><\/td><td>Faible<\/td><td>Doux<\/td><td>Tr\u00e8s l\u00e9ger<\/td><td>Chaud<\/td><td>Jeu fluide et son profond<\/td><\/tr><\/tbody><\/table><\/figure>\n\n\n\n<div style=\"margin-top:0;margin-bottom:0;height:2em\" aria-hidden=\"true\" class=\"wp-block-spacer\"><\/div>\n\n\n\n<h2 class=\"wp-block-heading has-ast-global-color-1-color has-text-color has-link-color wp-elements-49529135306e64478f04e0a3b0d4308b\" style=\"margin-top:0;margin-bottom:0;padding-top:0;padding-bottom:0\"><strong>LES DIMENSIONS<\/strong><\/h2>\n\n\n\n<p style=\"padding-top:var(--wp--preset--spacing--20);padding-bottom:var(--wp--preset--spacing--20)\">Je suis en capacit\u00e9 de r\u00e9aliser des baguettes de tout diam\u00e8tre et de toutes formes, des battes&#8230; etc, \u00e0 conditions de rester dans un format max de 550mm x 38mm. La r\u00e9alisation de baguettes plus grosses ou plus longues est possible, mais avec un d\u00e9lais li\u00e9 \u00e0 l&rsquo;approvisionnement des bois.<\/p>\n\n\n\n<p class=\"has-ast-global-color-4-color has-text-color has-link-color wp-elements-2ddceffbd3dda8831c069cca9b526dae\" style=\"padding-top:var(--wp--preset--spacing--20);padding-bottom:var(--wp--preset--spacing--20)\">Pour les baguettes cylindriques, j&rsquo;utilise comme codification \u00ab\u00a0longueur\u00a0\u00bb x \u00ab\u00a0diam\u00e8tre\u00a0\u00bb.<\/p>\n\n\n\n<p class=\"has-ast-global-color-4-color has-text-color has-link-color wp-elements-71e7f5a75e9cd44164511e6c58f3827b\" style=\"padding-top:var(--wp--preset--spacing--20);padding-bottom:var(--wp--preset--spacing--20)\">Pour les baguettes coniques, j&rsquo;utilise comme codification \u00ab\u00a0longueur\u00a0\u00bb x \u00ab\u00a0diam\u00e8tre extr\u00e9mit\u00e9 1\u00a0\u00bb \/ \u00ab\u00a0diam\u00e8tre extr\u00e9mit\u00e9 2\u00a0\u00bb.<\/p>\n\n\n\n<p class=\"has-ast-global-color-4-color has-text-color has-link-color wp-elements-692b33e9a2a5a81836f951c9bd6c4c16\" style=\"padding-top:var(--wp--preset--spacing--20);padding-bottom:var(--wp--preset--spacing--20)\">J&rsquo;ai d\u00e9fini des dimensions standard, pour lesquelles les prix sont plus abordables et les d\u00e9lais de r\u00e9alisations plus courts :<\/p>\n\n\n\n<figure class=\"wp-block-table\"><table><thead><tr><th>Code<\/th><th>Longueur<\/th><th>Diam\u00e8tre<\/th><\/tr><\/thead><tbody><tr><td><strong>320\u00d718<\/strong><\/td><td>320mm<\/td><td>18mm<\/td><\/tr><tr><td><strong>403\u00d719<\/strong><\/td><td>403mm<\/td><td>19mm<\/td><\/tr><tr><td><strong>420\u00d724<\/strong><\/td><td>420mm<\/td><td>24mm<\/td><\/tr><tr><td><strong>490\u00d736<\/strong><\/td><td>490mm<\/td><td>36mm<\/td><\/tr><tr><td><strong>410\u00d722\/28<\/strong><\/td><td>410mm<\/td><td>conique, de 22 \u00e0 28mm<\/td><\/tr><\/tbody><\/table><\/figure>\n\n\n\n<div style=\"margin-top:0;margin-bottom:0;height:2em\" aria-hidden=\"true\" class=\"wp-block-spacer\"><\/div>\n\n\n\n<h2 class=\"wp-block-heading has-ast-global-color-1-color has-text-color has-link-color wp-elements-f4e41a4d72c1d9cdb2cd1fff597d9f37\" style=\"margin-top:0;margin-bottom:0;padding-top:0;padding-bottom:0\"><strong>LE MARQUAGE<\/strong><\/h2>\n\n\n\n<p style=\"margin-top:0;margin-bottom:0;padding-top:var(--wp--preset--spacing--20);padding-bottom:0\">Le marquage est r\u00e9alis\u00e9 sans encre, par gravure laser. Il est mono-couleur et ineffa\u00e7able, puisqu&rsquo;en l\u00e9ger creux.<\/p>\n\n\n\n<figure data-wp-context=\"{&quot;imageId&quot;:&quot;69eb56fda2348&quot;}\" data-wp-interactive=\"core\/image\" data-wp-key=\"69eb56fda2348\" class=\"wp-block-image aligncenter size-full is-resized wp-lightbox-container\" style=\"margin-top:var(--wp--preset--spacing--30);margin-bottom:var(--wp--preset--spacing--30)\"><img loading=\"lazy\" decoding=\"async\" width=\"704\" height=\"556\" data-wp-class--hide=\"state.isContentHidden\" data-wp-class--show=\"state.isContentVisible\" data-wp-init=\"callbacks.setButtonStyles\" data-wp-on--click=\"actions.showLightbox\" data-wp-on--load=\"callbacks.setButtonStyles\" data-wp-on-window--resize=\"callbacks.setButtonStyles\" src=\"https:\/\/renard-et-belette.fr\/wp-content\/uploads\/2026\/03\/marquage.jpg\" alt=\"gravure custom baguettes de batteurs\" class=\"wp-image-3396\" style=\"width:396px;height:auto\" srcset=\"https:\/\/renard-et-belette.fr\/wp-content\/uploads\/2026\/03\/marquage.jpg 704w, https:\/\/renard-et-belette.fr\/wp-content\/uploads\/2026\/03\/marquage-300x237.jpg 300w\" sizes=\"auto, (max-width: 704px) 100vw, 704px\" \/><button\n\t\t\tclass=\"lightbox-trigger\"\n\t\t\ttype=\"button\"\n\t\t\taria-haspopup=\"dialog\"\n\t\t\taria-label=\"Agrandir\"\n\t\t\tdata-wp-init=\"callbacks.initTriggerButton\"\n\t\t\tdata-wp-on--click=\"actions.showLightbox\"\n\t\t\tdata-wp-style--right=\"state.imageButtonRight\"\n\t\t\tdata-wp-style--top=\"state.imageButtonTop\"\n\t\t>\n\t\t\t<svg xmlns=\"http:\/\/www.w3.org\/2000\/svg\" width=\"12\" height=\"12\" fill=\"none\" viewBox=\"0 0 12 12\">\n\t\t\t\t<path fill=\"#fff\" d=\"M2 0a2 2 0 0 0-2 2v2h1.5V2a.5.5 0 0 1 .5-.5h2V0H2Zm2 10.5H2a.5.5 0 0 1-.5-.5V8H0v2a2 2 0 0 0 2 2h2v-1.5ZM8 12v-1.5h2a.5.5 0 0 0 .5-.5V8H12v2a2 2 0 0 1-2 2H8Zm2-12a2 2 0 0 1 2 2v2h-1.5V2a.5.5 0 0 0-.5-.5H8V0h2Z\" \/>\n\t\t\t<\/svg>\n\t\t<\/button><\/figure>\n\n\n\n<p style=\"margin-top:0;margin-bottom:0;padding-top:var(--wp--preset--spacing--20);padding-bottom:0\">Le marquage est constitu\u00e9 de diff\u00e9rents \u00e9l\u00e9ments :<\/p>\n\n\n\n<ul class=\"wp-block-list\">\n<li style=\"margin-top:0;margin-bottom:0;padding-top:0;padding-bottom:0\">la <strong>marque<\/strong> Renard &amp; Belette situ\u00e9e approximativement \u00e0 mi-longueur<\/li>\n\n\n\n<li style=\"margin-top:0;margin-bottom:0;padding-top:0;padding-bottom:0\">\u00e9ventuellement un \u00e9l\u00e9ment de personnalisation de type <strong>d\u00e9dicace,<\/strong> nom, signature ou toute autre inscription, situ\u00e9e \u00e0 mi-longueur et \u00e0 180\u00b0 de la marque, ou bien juste \u00e0 droite de la marque. Il peut \u00eatre du texte associ\u00e9 \u00e0 une police, la photo d&rsquo;une signature, ou bien encore un logo (s&rsquo;il s&rsquo;agit d&rsquo;une image, elle doit \u00eatre fournie par le client : noir et blanc format .jpeg, ou .svg., 100mm x 13 mm maxi, 300dpi mini.)<\/li>\n\n\n\n<li style=\"margin-top:0;margin-bottom:0;padding-top:0;padding-bottom:0\">\u00e9ventuellement un <strong>motif 360\u00b0 custom<\/strong> grav\u00e9 sur les 360\u00b0 de la zone de pr\u00e9hension de la baguette.<\/li>\n<\/ul>\n\n\n\n<div style=\"margin-top:0;margin-bottom:0;height:4em\" aria-hidden=\"true\" class=\"wp-block-spacer\"><\/div>\n\n\n\n<h2 class=\"wp-block-heading has-ast-global-color-1-color has-text-color has-link-color wp-elements-9c29d3492b6894ef2ef8513f938e1fcb\" style=\"margin-top:0;margin-bottom:0;padding-top:0;padding-bottom:0\"><strong>LA FINITION<\/strong><\/h2>\n\n\n\n<p style=\"margin-top:0;margin-bottom:0;padding-top:var(--wp--preset--spacing--20);padding-bottom:0\">Les baguettes de TAIKO sont traditionnellement nues, sans un quelconque ajout de cire ou de vernis.<\/p>\n\n\n\n<div style=\"height:2em\" aria-hidden=\"true\" class=\"wp-block-spacer\"><\/div>\n\n\n\n<div style=\"margin-top:0;margin-bottom:0;height:1em\" aria-hidden=\"true\" class=\"wp-block-spacer\"><\/div>\n\n\n\n<p style=\"margin-top:0;margin-bottom:0;padding-top:var(--wp--preset--spacing--20);padding-bottom:0\"><a href=\"https:\/\/renard-et-belette.fr\/index.php\/tarifs-baguettes-taiko-bachi-percussions-japonaises\/\">TARIFS<\/a><\/p>\n\n\n\n<div style=\"height:1em\" aria-hidden=\"true\" class=\"wp-block-spacer\"><\/div>\n\n\n\n<p><a href=\"https:\/\/renard-et-belette.fr\/index.php\/category\/stock-baguettes\/\">STOCK<\/a><\/p>\n\n\n\n<p><\/p>\n","protected":false},"excerpt":{"rendered":"<p>LE BOIS Je propose uniquement des bois ayant pouss\u00e9 en France. J&rsquo;ai s\u00e9lectionn\u00e9 et valid\u00e9 quatre bois avec des caract\u00e9ristiques [&hellip;]<\/p>\n","protected":false},"author":1,"featured_media":0,"parent":0,"menu_order":0,"comment_status":"closed","ping_status":"closed","template":"","meta":{"site-sidebar-layout":"default","site-content-layout":"","ast-site-content-layout":"default","site-content-style":"default","site-sidebar-style":"default","ast-global-header-display":"","ast-banner-title-visibility":"","ast-main-header-display":"","ast-hfb-above-header-display":"","ast-hfb-below-header-display":"","ast-hfb-mobile-header-display":"","site-post-title":"","ast-breadcrumbs-content":"","ast-featured-img":"","footer-sml-layout":"","theme-transparent-header-meta":"","adv-header-id-meta":"","stick-header-meta":"","header-above-stick-meta":"","header-main-stick-meta":"","header-below-stick-meta":"","astra-migrate-meta-layouts":"default","ast-page-background-enabled":"default","ast-page-background-meta":{"desktop":{"background-color":"var(--ast-global-color-4)","background-image":"","background-repeat":"repeat","background-position":"center center","background-size":"auto","background-attachment":"scroll","background-type":"","background-media":"","overlay-type":"","overlay-color":"","overlay-opacity":"","overlay-gradient":""},"tablet":{"background-color":"","background-image":"","background-repeat":"repeat","background-position":"center center","background-size":"auto","background-attachment":"scroll","background-type":"","background-media":"","overlay-type":"","overlay-color":"","overlay-opacity":"","overlay-gradient":""},"mobile":{"background-color":"","background-image":"","background-repeat":"repeat","background-position":"center center","background-size":"auto","background-attachment":"scroll","background-type":"","background-media":"","overlay-type":"","overlay-color":"","overlay-opacity":"","overlay-gradient":""}},"ast-content-background-meta":{"desktop":{"background-color":"var(--ast-global-color-5)","background-image":"","background-repeat":"repeat","background-position":"center center","background-size":"auto","background-attachment":"scroll","background-type":"","background-media":"","overlay-type":"","overlay-color":"","overlay-opacity":"","overlay-gradient":""},"tablet":{"background-color":"var(--ast-global-color-5)","background-image":"","background-repeat":"repeat","background-position":"center center","background-size":"auto","background-attachment":"scroll","background-type":"","background-media":"","overlay-type":"","overlay-color":"","overlay-opacity":"","overlay-gradient":""},"mobile":{"background-color":"var(--ast-global-color-5)","background-image":"","background-repeat":"repeat","background-position":"center center","background-size":"auto","background-attachment":"scroll","background-type":"","background-media":"","overlay-type":"","overlay-color":"","overlay-opacity":"","overlay-gradient":""}},"footnotes":""},"class_list":["post-3478","page","type-page","status-publish","hentry"],"yoast_head":"<!-- This site is optimized with the Yoast SEO plugin v26.7 - https:\/\/yoast.com\/wordpress\/plugins\/seo\/ -->\n<title>Les baguettes de TAIKO - Atelier RENARD et BELETTE<\/title>\n<meta name=\"description\" content=\"Les taiko bachi\" \/>\n<meta name=\"robots\" content=\"index, follow, max-snippet:-1, max-image-preview:large, max-video-preview:-1\" \/>\n<link rel=\"canonical\" href=\"https:\/\/renard-et-belette.fr\/index.php\/personnaliser-baguettes-taiko-artisan-france-bachi\/\" \/>\n<meta property=\"og:locale\" content=\"fr_FR\" \/>\n<meta property=\"og:type\" content=\"article\" \/>\n<meta property=\"og:title\" content=\"Les baguettes de TAIKO - Atelier RENARD et BELETTE\" \/>\n<meta property=\"og:description\" content=\"Les taiko bachi\" \/>\n<meta property=\"og:url\" content=\"https:\/\/renard-et-belette.fr\/index.php\/personnaliser-baguettes-taiko-artisan-france-bachi\/\" \/>\n<meta property=\"og:site_name\" content=\"Atelier RENARD et BELETTE\" \/>\n<meta property=\"article:modified_time\" content=\"2026-03-09T22:51:52+00:00\" \/>\n<meta property=\"og:image\" content=\"https:\/\/renard-et-belette.fr\/wp-content\/uploads\/2026\/03\/taiko-bachi-403x19-1-scaled.jpeg\" \/>\n\t<meta property=\"og:image:width\" content=\"2560\" \/>\n\t<meta property=\"og:image:height\" content=\"1300\" \/>\n\t<meta property=\"og:image:type\" content=\"image\/jpeg\" \/>\n<meta name=\"twitter:card\" content=\"summary_large_image\" \/>\n<meta name=\"twitter:label1\" content=\"Dur\u00e9e de lecture estim\u00e9e\" \/>\n\t<meta name=\"twitter:data1\" content=\"3 minutes\" \/>\n<script type=\"application\/ld+json\" class=\"yoast-schema-graph\">{\"@context\":\"https:\/\/schema.org\",\"@graph\":[{\"@type\":\"WebPage\",\"@id\":\"https:\/\/renard-et-belette.fr\/index.php\/personnaliser-baguettes-taiko-artisan-france-bachi\/\",\"url\":\"https:\/\/renard-et-belette.fr\/index.php\/personnaliser-baguettes-taiko-artisan-france-bachi\/\",\"name\":\"Les baguettes de TAIKO - Atelier RENARD et BELETTE\",\"isPartOf\":{\"@id\":\"https:\/\/renard-et-belette.fr\/#website\"},\"primaryImageOfPage\":{\"@id\":\"https:\/\/renard-et-belette.fr\/index.php\/personnaliser-baguettes-taiko-artisan-france-bachi\/#primaryimage\"},\"image\":{\"@id\":\"https:\/\/renard-et-belette.fr\/index.php\/personnaliser-baguettes-taiko-artisan-france-bachi\/#primaryimage\"},\"thumbnailUrl\":\"https:\/\/renard-et-belette.fr\/wp-content\/uploads\/2026\/03\/taiko-bachi-403x19-1-1024x520.jpeg\",\"datePublished\":\"2026-03-09T14:05:40+00:00\",\"dateModified\":\"2026-03-09T22:51:52+00:00\",\"description\":\"Les taiko bachi\",\"breadcrumb\":{\"@id\":\"https:\/\/renard-et-belette.fr\/index.php\/personnaliser-baguettes-taiko-artisan-france-bachi\/#breadcrumb\"},\"inLanguage\":\"fr-FR\",\"potentialAction\":[{\"@type\":\"ReadAction\",\"target\":[\"https:\/\/renard-et-belette.fr\/index.php\/personnaliser-baguettes-taiko-artisan-france-bachi\/\"]}]},{\"@type\":\"ImageObject\",\"inLanguage\":\"fr-FR\",\"@id\":\"https:\/\/renard-et-belette.fr\/index.php\/personnaliser-baguettes-taiko-artisan-france-bachi\/#primaryimage\",\"url\":\"https:\/\/renard-et-belette.fr\/wp-content\/uploads\/2026\/03\/taiko-bachi-403x19-1-scaled.jpeg\",\"contentUrl\":\"https:\/\/renard-et-belette.fr\/wp-content\/uploads\/2026\/03\/taiko-bachi-403x19-1-scaled.jpeg\",\"width\":2560,\"height\":1300},{\"@type\":\"BreadcrumbList\",\"@id\":\"https:\/\/renard-et-belette.fr\/index.php\/personnaliser-baguettes-taiko-artisan-france-bachi\/#breadcrumb\",\"itemListElement\":[{\"@type\":\"ListItem\",\"position\":1,\"name\":\"Accueil\",\"item\":\"https:\/\/renard-et-belette.fr\/\"},{\"@type\":\"ListItem\",\"position\":2,\"name\":\"Les baguettes de TAIKO\"}]},{\"@type\":\"WebSite\",\"@id\":\"https:\/\/renard-et-belette.fr\/#website\",\"url\":\"https:\/\/renard-et-belette.fr\/\",\"name\":\"Atelier RENARD et BELETTE\",\"description\":\"Pedalboards, baguettes et accessoires custom fabriqu\u00e9s en France\",\"publisher\":{\"@id\":\"https:\/\/renard-et-belette.fr\/#organization\"},\"potentialAction\":[{\"@type\":\"SearchAction\",\"target\":{\"@type\":\"EntryPoint\",\"urlTemplate\":\"https:\/\/renard-et-belette.fr\/?s={search_term_string}\"},\"query-input\":{\"@type\":\"PropertyValueSpecification\",\"valueRequired\":true,\"valueName\":\"search_term_string\"}}],\"inLanguage\":\"fr-FR\"},{\"@type\":\"Organization\",\"@id\":\"https:\/\/renard-et-belette.fr\/#organization\",\"name\":\"Atelier RENARD et BELETTE\",\"url\":\"https:\/\/renard-et-belette.fr\/\",\"logo\":{\"@type\":\"ImageObject\",\"inLanguage\":\"fr-FR\",\"@id\":\"https:\/\/renard-et-belette.fr\/#\/schema\/logo\/image\/\",\"url\":\"https:\/\/renard-et-belette.fr\/wp-content\/uploads\/2024\/05\/logoweb-1.png\",\"contentUrl\":\"https:\/\/renard-et-belette.fr\/wp-content\/uploads\/2024\/05\/logoweb-1.png\",\"width\":731,\"height\":491,\"caption\":\"Atelier RENARD et BELETTE\"},\"image\":{\"@id\":\"https:\/\/renard-et-belette.fr\/#\/schema\/logo\/image\/\"}}]}<\/script>\n<!-- \/ Yoast SEO plugin. -->","yoast_head_json":{"title":"Les baguettes de TAIKO - Atelier RENARD et BELETTE","description":"Les taiko bachi","robots":{"index":"index","follow":"follow","max-snippet":"max-snippet:-1","max-image-preview":"max-image-preview:large","max-video-preview":"max-video-preview:-1"},"canonical":"https:\/\/renard-et-belette.fr\/index.php\/personnaliser-baguettes-taiko-artisan-france-bachi\/","og_locale":"fr_FR","og_type":"article","og_title":"Les baguettes de TAIKO - Atelier RENARD et BELETTE","og_description":"Les taiko bachi","og_url":"https:\/\/renard-et-belette.fr\/index.php\/personnaliser-baguettes-taiko-artisan-france-bachi\/","og_site_name":"Atelier RENARD et BELETTE","article_modified_time":"2026-03-09T22:51:52+00:00","og_image":[{"width":2560,"height":1300,"url":"https:\/\/renard-et-belette.fr\/wp-content\/uploads\/2026\/03\/taiko-bachi-403x19-1-scaled.jpeg","type":"image\/jpeg"}],"twitter_card":"summary_large_image","twitter_misc":{"Dur\u00e9e de lecture estim\u00e9e":"3 minutes"},"schema":{"@context":"https:\/\/schema.org","@graph":[{"@type":"WebPage","@id":"https:\/\/renard-et-belette.fr\/index.php\/personnaliser-baguettes-taiko-artisan-france-bachi\/","url":"https:\/\/renard-et-belette.fr\/index.php\/personnaliser-baguettes-taiko-artisan-france-bachi\/","name":"Les baguettes de TAIKO - Atelier RENARD et BELETTE","isPartOf":{"@id":"https:\/\/renard-et-belette.fr\/#website"},"primaryImageOfPage":{"@id":"https:\/\/renard-et-belette.fr\/index.php\/personnaliser-baguettes-taiko-artisan-france-bachi\/#primaryimage"},"image":{"@id":"https:\/\/renard-et-belette.fr\/index.php\/personnaliser-baguettes-taiko-artisan-france-bachi\/#primaryimage"},"thumbnailUrl":"https:\/\/renard-et-belette.fr\/wp-content\/uploads\/2026\/03\/taiko-bachi-403x19-1-1024x520.jpeg","datePublished":"2026-03-09T14:05:40+00:00","dateModified":"2026-03-09T22:51:52+00:00","description":"Les taiko bachi","breadcrumb":{"@id":"https:\/\/renard-et-belette.fr\/index.php\/personnaliser-baguettes-taiko-artisan-france-bachi\/#breadcrumb"},"inLanguage":"fr-FR","potentialAction":[{"@type":"ReadAction","target":["https:\/\/renard-et-belette.fr\/index.php\/personnaliser-baguettes-taiko-artisan-france-bachi\/"]}]},{"@type":"ImageObject","inLanguage":"fr-FR","@id":"https:\/\/renard-et-belette.fr\/index.php\/personnaliser-baguettes-taiko-artisan-france-bachi\/#primaryimage","url":"https:\/\/renard-et-belette.fr\/wp-content\/uploads\/2026\/03\/taiko-bachi-403x19-1-scaled.jpeg","contentUrl":"https:\/\/renard-et-belette.fr\/wp-content\/uploads\/2026\/03\/taiko-bachi-403x19-1-scaled.jpeg","width":2560,"height":1300},{"@type":"BreadcrumbList","@id":"https:\/\/renard-et-belette.fr\/index.php\/personnaliser-baguettes-taiko-artisan-france-bachi\/#breadcrumb","itemListElement":[{"@type":"ListItem","position":1,"name":"Accueil","item":"https:\/\/renard-et-belette.fr\/"},{"@type":"ListItem","position":2,"name":"Les baguettes de TAIKO"}]},{"@type":"WebSite","@id":"https:\/\/renard-et-belette.fr\/#website","url":"https:\/\/renard-et-belette.fr\/","name":"Atelier RENARD et BELETTE","description":"Pedalboards, baguettes et accessoires custom fabriqu\u00e9s en France","publisher":{"@id":"https:\/\/renard-et-belette.fr\/#organization"},"potentialAction":[{"@type":"SearchAction","target":{"@type":"EntryPoint","urlTemplate":"https:\/\/renard-et-belette.fr\/?s={search_term_string}"},"query-input":{"@type":"PropertyValueSpecification","valueRequired":true,"valueName":"search_term_string"}}],"inLanguage":"fr-FR"},{"@type":"Organization","@id":"https:\/\/renard-et-belette.fr\/#organization","name":"Atelier RENARD et BELETTE","url":"https:\/\/renard-et-belette.fr\/","logo":{"@type":"ImageObject","inLanguage":"fr-FR","@id":"https:\/\/renard-et-belette.fr\/#\/schema\/logo\/image\/","url":"https:\/\/renard-et-belette.fr\/wp-content\/uploads\/2024\/05\/logoweb-1.png","contentUrl":"https:\/\/renard-et-belette.fr\/wp-content\/uploads\/2024\/05\/logoweb-1.png","width":731,"height":491,"caption":"Atelier RENARD et BELETTE"},"image":{"@id":"https:\/\/renard-et-belette.fr\/#\/schema\/logo\/image\/"}}]}},"_links":{"self":[{"href":"https:\/\/renard-et-belette.fr\/index.php\/wp-json\/wp\/v2\/pages\/3478","targetHints":{"allow":["GET"]}}],"collection":[{"href":"https:\/\/renard-et-belette.fr\/index.php\/wp-json\/wp\/v2\/pages"}],"about":[{"href":"https:\/\/renard-et-belette.fr\/index.php\/wp-json\/wp\/v2\/types\/page"}],"author":[{"embeddable":true,"href":"https:\/\/renard-et-belette.fr\/index.php\/wp-json\/wp\/v2\/users\/1"}],"replies":[{"embeddable":true,"href":"https:\/\/renard-et-belette.fr\/index.php\/wp-json\/wp\/v2\/comments?post=3478"}],"version-history":[{"count":13,"href":"https:\/\/renard-et-belette.fr\/index.php\/wp-json\/wp\/v2\/pages\/3478\/revisions"}],"predecessor-version":[{"id":3592,"href":"https:\/\/renard-et-belette.fr\/index.php\/wp-json\/wp\/v2\/pages\/3478\/revisions\/3592"}],"wp:attachment":[{"href":"https:\/\/renard-et-belette.fr\/index.php\/wp-json\/wp\/v2\/media?parent=3478"}],"curies":[{"name":"wp","href":"https:\/\/api.w.org\/{rel}","templated":true}]}}