{"id":403,"date":"2024-05-08T00:39:11","date_gmt":"2024-05-07T22:39:11","guid":{"rendered":"https:\/\/renard-et-belette.fr\/?page_id=403"},"modified":"2026-01-08T23:54:39","modified_gmt":"2026-01-08T22:54:39","slug":"qui-suis-je","status":"publish","type":"page","link":"https:\/\/renard-et-belette.fr\/index.php\/presentation-de-lentreprise\/qui-suis-je\/","title":{"rendered":"Qui suis-je ?"},"content":{"rendered":"\n<div class=\"wp-block-columns is-layout-flex wp-container-core-columns-is-layout-28f84493 wp-block-columns-is-layout-flex\">\n<div class=\"wp-block-column is-layout-flow wp-block-column-is-layout-flow\" style=\"flex-basis:20%\">\n<figure class=\"wp-block-image alignfull size-medium has-custom-border is-style-default wp-container-content-869d6e6b\"><img loading=\"lazy\" decoding=\"async\" width=\"250\" height=\"300\" src=\"https:\/\/renard-et-belette.fr\/wp-content\/uploads\/2024\/05\/moi-250x300.png\" alt=\"\" class=\"wp-image-250\" style=\"border-style:none;border-width:0px;border-top-left-radius:0px;border-top-right-radius:0px;border-bottom-left-radius:0px;border-bottom-right-radius:0px\" srcset=\"https:\/\/renard-et-belette.fr\/wp-content\/uploads\/2024\/05\/moi-250x300.png 250w, https:\/\/renard-et-belette.fr\/wp-content\/uploads\/2024\/05\/moi.png 584w\" sizes=\"auto, (max-width: 250px) 100vw, 250px\" \/><\/figure>\n<\/div>\n\n\n\n<div class=\"wp-block-column is-layout-flow wp-block-column-is-layout-flow\" style=\"flex-basis:80%\">\n<p class=\"has-ast-global-color-4-color has-text-color has-link-color wp-elements-5bdf58b948a1ebb0e683bceee66a108b\">Je suis originaire du Haut-Forez, une r\u00e9gion montagneuse et rurale situ\u00e9e \u00e0 l&rsquo;est de l&rsquo;Auvergne. J&rsquo;y ai pass\u00e9 une grande partie de mon enfance et de mon adolescence, enferm\u00e9 dans l&rsquo;atelier familial, \u00e0 tenter de reproduire en bois tout ce dont je r\u00eavais, depuis mon premier camion en bois, jusqu&rsquo;\u00e0 une vielle \u00e0 roue \u00e0 la t\u00eate finement sculpt\u00e9e, en passant par une ribambelle de jouets, figurines, guitares&#8230; mes centres d&rsquo;int\u00e9r\u00eat \u00e9voluant avec l&rsquo;age.<\/p>\n\n\n\n<p class=\"has-ast-global-color-4-color has-text-color has-link-color wp-elements-b5be9b0022782dfb977bba45c8b0337e\"><\/p>\n\n\n\n<p class=\"has-ast-global-color-4-color has-text-color has-link-color wp-elements-854049e76135c454453d6f06292af4b2\">Durant plus de vingt ans j&rsquo;ai exerc\u00e9 le m\u00e9tier d&rsquo;ing\u00e9nieur en m\u00e9canique et mat\u00e9riaux dans l&rsquo;industrie, avant de me lancer dans la cr\u00e9ation de mon entreprise artisanale en 2023.<\/p>\n\n\n\n<p class=\"has-ast-global-color-4-color has-text-color has-link-color wp-elements-0dffa27cf087999fbeccf1fc391d49db\">Par ailleurs, je suis guitariste, bassiste et passionn\u00e9 d&rsquo;instruments et de mat\u00e9riel audio. C&rsquo;est initialement pour mes propres besoins que j&rsquo;ai r\u00e9alis\u00e9 les prototypes de mes produits.<\/p>\n<\/div>\n<\/div>\n\n\n\n<div style=\"height:3em\" aria-hidden=\"true\" class=\"wp-block-spacer\"><\/div>\n\n\n\n<div class=\"wp-block-columns is-not-stacked-on-mobile is-layout-flex wp-container-core-columns-is-layout-28f84493 wp-block-columns-is-layout-flex\">\n<div class=\"wp-block-column is-layout-flow wp-block-column-is-layout-flow\">\n<div class=\"wp-block-buttons is-layout-flex wp-block-buttons-is-layout-flex\">\n<div class=\"wp-block-button has-custom-width wp-block-button__width-50\"><a class=\"wp-block-button__link has-medium-font-size has-custom-font-size wp-element-button\" href=\"https:\/\/renard-et-belette.fr\/index.php\/la-marque-renard-belette\/\" style=\"padding-top:var(--wp--preset--spacing--20);padding-right:var(--wp--preset--spacing--20);padding-bottom:var(--wp--preset--spacing--20);padding-left:var(--wp--preset--spacing--20)\"><strong>&lt;<\/strong><\/a><\/div>\n<\/div>\n<\/div>\n\n\n\n<div class=\"wp-block-column is-layout-flow wp-block-column-is-layout-flow\">\n<div class=\"wp-block-buttons is-content-justification-right is-layout-flex wp-container-core-buttons-is-layout-d445cf74 wp-block-buttons-is-layout-flex\">\n<div class=\"wp-block-button has-custom-width wp-block-button__width-50\"><a class=\"wp-block-button__link has-medium-font-size has-custom-font-size wp-element-button\" href=\"https:\/\/renard-et-belette.fr\/index.php\/presentation\/mon-travail\/\" style=\"padding-top:var(--wp--preset--spacing--20);padding-right:var(--wp--preset--spacing--20);padding-bottom:var(--wp--preset--spacing--20);padding-left:var(--wp--preset--spacing--20)\"><strong>&gt;<\/strong><\/a><\/div>\n<\/div>\n<\/div>\n<\/div>\n","protected":false},"excerpt":{"rendered":"<p>Je suis originaire du Haut-Forez, une r\u00e9gion montagneuse et rurale situ\u00e9e \u00e0 l&rsquo;est de l&rsquo;Auvergne. J&rsquo;y ai pass\u00e9 une grande [&hellip;]<\/p>\n","protected":false},"author":1,"featured_media":0,"parent":285,"menu_order":0,"comment_status":"closed","ping_status":"closed","template":"","meta":{"site-sidebar-layout":"default","site-content-layout":"","ast-site-content-layout":"default","site-content-style":"default","site-sidebar-style":"default","ast-global-header-display":"","ast-banner-title-visibility":"","ast-main-header-display":"","ast-hfb-above-header-display":"","ast-hfb-below-header-display":"","ast-hfb-mobile-header-display":"","site-post-title":"","ast-breadcrumbs-content":"","ast-featured-img":"disabled","footer-sml-layout":"","theme-transparent-header-meta":"","adv-header-id-meta":"","stick-header-meta":"","header-above-stick-meta":"","header-main-stick-meta":"","header-below-stick-meta":"","astra-migrate-meta-layouts":"default","ast-page-background-enabled":"default","ast-page-background-meta":{"desktop":{"background-color":"var(--ast-global-color-4)","background-image":"","background-repeat":"repeat","background-position":"center center","background-size":"auto","background-attachment":"scroll","background-type":"","background-media":"","overlay-type":"","overlay-color":"","overlay-opacity":"","overlay-gradient":""},"tablet":{"background-color":"","background-image":"","background-repeat":"repeat","background-position":"center center","background-size":"auto","background-attachment":"scroll","background-type":"","background-media":"","overlay-type":"","overlay-color":"","overlay-opacity":"","overlay-gradient":""},"mobile":{"background-color":"","background-image":"","background-repeat":"repeat","background-position":"center center","background-size":"auto","background-attachment":"scroll","background-type":"","background-media":"","overlay-type":"","overlay-color":"","overlay-opacity":"","overlay-gradient":""}},"ast-content-background-meta":{"desktop":{"background-color":"var(--ast-global-color-5)","background-image":"","background-repeat":"repeat","background-position":"center center","background-size":"auto","background-attachment":"scroll","background-type":"","background-media":"","overlay-type":"","overlay-color":"","overlay-opacity":"","overlay-gradient":""},"tablet":{"background-color":"var(--ast-global-color-5)","background-image":"","background-repeat":"repeat","background-position":"center center","background-size":"auto","background-attachment":"scroll","background-type":"","background-media":"","overlay-type":"","overlay-color":"","overlay-opacity":"","overlay-gradient":""},"mobile":{"background-color":"var(--ast-global-color-5)","background-image":"","background-repeat":"repeat","background-position":"center center","background-size":"auto","background-attachment":"scroll","background-type":"","background-media":"","overlay-type":"","overlay-color":"","overlay-opacity":"","overlay-gradient":""}},"footnotes":""},"class_list":["post-403","page","type-page","status-publish","hentry"],"yoast_head":"<!-- This site is optimized with the Yoast SEO plugin v26.7 - https:\/\/yoast.com\/wordpress\/plugins\/seo\/ -->\n<title>Qui suis-je ? - Atelier RENARD et BELETTE<\/title>\n<meta name=\"robots\" content=\"index, follow, max-snippet:-1, max-image-preview:large, max-video-preview:-1\" \/>\n<link rel=\"canonical\" href=\"https:\/\/renard-et-belette.fr\/index.php\/presentation-de-lentreprise\/qui-suis-je\/\" \/>\n<meta property=\"og:locale\" content=\"fr_FR\" \/>\n<meta property=\"og:type\" content=\"article\" \/>\n<meta property=\"og:title\" content=\"Qui suis-je ? - Atelier RENARD et BELETTE\" \/>\n<meta property=\"og:description\" content=\"Je suis originaire du Haut-Forez, une r\u00e9gion montagneuse et rurale situ\u00e9e \u00e0 l&rsquo;est de l&rsquo;Auvergne. J&rsquo;y ai pass\u00e9 une grande [&hellip;]\" \/>\n<meta property=\"og:url\" content=\"https:\/\/renard-et-belette.fr\/index.php\/presentation-de-lentreprise\/qui-suis-je\/\" \/>\n<meta property=\"og:site_name\" content=\"Atelier RENARD et BELETTE\" \/>\n<meta property=\"article:modified_time\" content=\"2026-01-08T22:54:39+00:00\" \/>\n<meta property=\"og:image\" content=\"https:\/\/renard-et-belette.fr\/wp-content\/uploads\/2024\/05\/moi.png\" \/>\n\t<meta property=\"og:image:width\" content=\"584\" \/>\n\t<meta property=\"og:image:height\" content=\"700\" \/>\n\t<meta property=\"og:image:type\" content=\"image\/png\" \/>\n<meta name=\"twitter:card\" content=\"summary_large_image\" \/>\n<meta name=\"twitter:label1\" content=\"Dur\u00e9e de lecture estim\u00e9e\" \/>\n\t<meta name=\"twitter:data1\" content=\"1 minute\" \/>\n<script type=\"application\/ld+json\" class=\"yoast-schema-graph\">{\"@context\":\"https:\/\/schema.org\",\"@graph\":[{\"@type\":\"WebPage\",\"@id\":\"https:\/\/renard-et-belette.fr\/index.php\/presentation-de-lentreprise\/qui-suis-je\/\",\"url\":\"https:\/\/renard-et-belette.fr\/index.php\/presentation-de-lentreprise\/qui-suis-je\/\",\"name\":\"Qui suis-je ? - Atelier RENARD et BELETTE\",\"isPartOf\":{\"@id\":\"https:\/\/renard-et-belette.fr\/#website\"},\"primaryImageOfPage\":{\"@id\":\"https:\/\/renard-et-belette.fr\/index.php\/presentation-de-lentreprise\/qui-suis-je\/#primaryimage\"},\"image\":{\"@id\":\"https:\/\/renard-et-belette.fr\/index.php\/presentation-de-lentreprise\/qui-suis-je\/#primaryimage\"},\"thumbnailUrl\":\"https:\/\/renard-et-belette.fr\/wp-content\/uploads\/2024\/05\/moi-250x300.png\",\"datePublished\":\"2024-05-07T22:39:11+00:00\",\"dateModified\":\"2026-01-08T22:54:39+00:00\",\"breadcrumb\":{\"@id\":\"https:\/\/renard-et-belette.fr\/index.php\/presentation-de-lentreprise\/qui-suis-je\/#breadcrumb\"},\"inLanguage\":\"fr-FR\",\"potentialAction\":[{\"@type\":\"ReadAction\",\"target\":[\"https:\/\/renard-et-belette.fr\/index.php\/presentation-de-lentreprise\/qui-suis-je\/\"]}]},{\"@type\":\"ImageObject\",\"inLanguage\":\"fr-FR\",\"@id\":\"https:\/\/renard-et-belette.fr\/index.php\/presentation-de-lentreprise\/qui-suis-je\/#primaryimage\",\"url\":\"https:\/\/renard-et-belette.fr\/wp-content\/uploads\/2024\/05\/moi.png\",\"contentUrl\":\"https:\/\/renard-et-belette.fr\/wp-content\/uploads\/2024\/05\/moi.png\",\"width\":584,\"height\":700,\"caption\":\"atelier Renard & Belette, fabricant de mat\u00e9riel sur mesure pour musiciens : pedalboards, baffles, baguettes, meubles studio...\"},{\"@type\":\"BreadcrumbList\",\"@id\":\"https:\/\/renard-et-belette.fr\/index.php\/presentation-de-lentreprise\/qui-suis-je\/#breadcrumb\",\"itemListElement\":[{\"@type\":\"ListItem\",\"position\":1,\"name\":\"Accueil\",\"item\":\"https:\/\/renard-et-belette.fr\/\"},{\"@type\":\"ListItem\",\"position\":2,\"name\":\"L&rsquo;entreprise\",\"item\":\"https:\/\/renard-et-belette.fr\/index.php\/presentation-de-lentreprise\/\"},{\"@type\":\"ListItem\",\"position\":3,\"name\":\"Qui suis-je ?\"}]},{\"@type\":\"WebSite\",\"@id\":\"https:\/\/renard-et-belette.fr\/#website\",\"url\":\"https:\/\/renard-et-belette.fr\/\",\"name\":\"Atelier RENARD et BELETTE\",\"description\":\"Pedalboards, baguettes et accessoires custom fabriqu\u00e9s en France\",\"publisher\":{\"@id\":\"https:\/\/renard-et-belette.fr\/#organization\"},\"potentialAction\":[{\"@type\":\"SearchAction\",\"target\":{\"@type\":\"EntryPoint\",\"urlTemplate\":\"https:\/\/renard-et-belette.fr\/?s={search_term_string}\"},\"query-input\":{\"@type\":\"PropertyValueSpecification\",\"valueRequired\":true,\"valueName\":\"search_term_string\"}}],\"inLanguage\":\"fr-FR\"},{\"@type\":\"Organization\",\"@id\":\"https:\/\/renard-et-belette.fr\/#organization\",\"name\":\"Atelier RENARD et BELETTE\",\"url\":\"https:\/\/renard-et-belette.fr\/\",\"logo\":{\"@type\":\"ImageObject\",\"inLanguage\":\"fr-FR\",\"@id\":\"https:\/\/renard-et-belette.fr\/#\/schema\/logo\/image\/\",\"url\":\"https:\/\/renard-et-belette.fr\/wp-content\/uploads\/2024\/05\/logoweb-1.png\",\"contentUrl\":\"https:\/\/renard-et-belette.fr\/wp-content\/uploads\/2024\/05\/logoweb-1.png\",\"width\":731,\"height\":491,\"caption\":\"Atelier RENARD et BELETTE\"},\"image\":{\"@id\":\"https:\/\/renard-et-belette.fr\/#\/schema\/logo\/image\/\"}}]}<\/script>\n<!-- \/ Yoast SEO plugin. -->","yoast_head_json":{"title":"Qui suis-je ? - Atelier RENARD et BELETTE","robots":{"index":"index","follow":"follow","max-snippet":"max-snippet:-1","max-image-preview":"max-image-preview:large","max-video-preview":"max-video-preview:-1"},"canonical":"https:\/\/renard-et-belette.fr\/index.php\/presentation-de-lentreprise\/qui-suis-je\/","og_locale":"fr_FR","og_type":"article","og_title":"Qui suis-je ? - Atelier RENARD et BELETTE","og_description":"Je suis originaire du Haut-Forez, une r\u00e9gion montagneuse et rurale situ\u00e9e \u00e0 l&rsquo;est de l&rsquo;Auvergne. J&rsquo;y ai pass\u00e9 une grande [&hellip;]","og_url":"https:\/\/renard-et-belette.fr\/index.php\/presentation-de-lentreprise\/qui-suis-je\/","og_site_name":"Atelier RENARD et BELETTE","article_modified_time":"2026-01-08T22:54:39+00:00","og_image":[{"width":584,"height":700,"url":"https:\/\/renard-et-belette.fr\/wp-content\/uploads\/2024\/05\/moi.png","type":"image\/png"}],"twitter_card":"summary_large_image","twitter_misc":{"Dur\u00e9e de lecture estim\u00e9e":"1 minute"},"schema":{"@context":"https:\/\/schema.org","@graph":[{"@type":"WebPage","@id":"https:\/\/renard-et-belette.fr\/index.php\/presentation-de-lentreprise\/qui-suis-je\/","url":"https:\/\/renard-et-belette.fr\/index.php\/presentation-de-lentreprise\/qui-suis-je\/","name":"Qui suis-je ? - Atelier RENARD et BELETTE","isPartOf":{"@id":"https:\/\/renard-et-belette.fr\/#website"},"primaryImageOfPage":{"@id":"https:\/\/renard-et-belette.fr\/index.php\/presentation-de-lentreprise\/qui-suis-je\/#primaryimage"},"image":{"@id":"https:\/\/renard-et-belette.fr\/index.php\/presentation-de-lentreprise\/qui-suis-je\/#primaryimage"},"thumbnailUrl":"https:\/\/renard-et-belette.fr\/wp-content\/uploads\/2024\/05\/moi-250x300.png","datePublished":"2024-05-07T22:39:11+00:00","dateModified":"2026-01-08T22:54:39+00:00","breadcrumb":{"@id":"https:\/\/renard-et-belette.fr\/index.php\/presentation-de-lentreprise\/qui-suis-je\/#breadcrumb"},"inLanguage":"fr-FR","potentialAction":[{"@type":"ReadAction","target":["https:\/\/renard-et-belette.fr\/index.php\/presentation-de-lentreprise\/qui-suis-je\/"]}]},{"@type":"ImageObject","inLanguage":"fr-FR","@id":"https:\/\/renard-et-belette.fr\/index.php\/presentation-de-lentreprise\/qui-suis-je\/#primaryimage","url":"https:\/\/renard-et-belette.fr\/wp-content\/uploads\/2024\/05\/moi.png","contentUrl":"https:\/\/renard-et-belette.fr\/wp-content\/uploads\/2024\/05\/moi.png","width":584,"height":700,"caption":"atelier Renard & Belette, fabricant de mat\u00e9riel sur mesure pour musiciens : pedalboards, baffles, baguettes, meubles studio..."},{"@type":"BreadcrumbList","@id":"https:\/\/renard-et-belette.fr\/index.php\/presentation-de-lentreprise\/qui-suis-je\/#breadcrumb","itemListElement":[{"@type":"ListItem","position":1,"name":"Accueil","item":"https:\/\/renard-et-belette.fr\/"},{"@type":"ListItem","position":2,"name":"L&rsquo;entreprise","item":"https:\/\/renard-et-belette.fr\/index.php\/presentation-de-lentreprise\/"},{"@type":"ListItem","position":3,"name":"Qui suis-je ?"}]},{"@type":"WebSite","@id":"https:\/\/renard-et-belette.fr\/#website","url":"https:\/\/renard-et-belette.fr\/","name":"Atelier RENARD et BELETTE","description":"Pedalboards, baguettes et accessoires custom fabriqu\u00e9s en France","publisher":{"@id":"https:\/\/renard-et-belette.fr\/#organization"},"potentialAction":[{"@type":"SearchAction","target":{"@type":"EntryPoint","urlTemplate":"https:\/\/renard-et-belette.fr\/?s={search_term_string}"},"query-input":{"@type":"PropertyValueSpecification","valueRequired":true,"valueName":"search_term_string"}}],"inLanguage":"fr-FR"},{"@type":"Organization","@id":"https:\/\/renard-et-belette.fr\/#organization","name":"Atelier RENARD et BELETTE","url":"https:\/\/renard-et-belette.fr\/","logo":{"@type":"ImageObject","inLanguage":"fr-FR","@id":"https:\/\/renard-et-belette.fr\/#\/schema\/logo\/image\/","url":"https:\/\/renard-et-belette.fr\/wp-content\/uploads\/2024\/05\/logoweb-1.png","contentUrl":"https:\/\/renard-et-belette.fr\/wp-content\/uploads\/2024\/05\/logoweb-1.png","width":731,"height":491,"caption":"Atelier RENARD et BELETTE"},"image":{"@id":"https:\/\/renard-et-belette.fr\/#\/schema\/logo\/image\/"}}]}},"_links":{"self":[{"href":"https:\/\/renard-et-belette.fr\/index.php\/wp-json\/wp\/v2\/pages\/403","targetHints":{"allow":["GET"]}}],"collection":[{"href":"https:\/\/renard-et-belette.fr\/index.php\/wp-json\/wp\/v2\/pages"}],"about":[{"href":"https:\/\/renard-et-belette.fr\/index.php\/wp-json\/wp\/v2\/types\/page"}],"author":[{"embeddable":true,"href":"https:\/\/renard-et-belette.fr\/index.php\/wp-json\/wp\/v2\/users\/1"}],"replies":[{"embeddable":true,"href":"https:\/\/renard-et-belette.fr\/index.php\/wp-json\/wp\/v2\/comments?post=403"}],"version-history":[{"count":66,"href":"https:\/\/renard-et-belette.fr\/index.php\/wp-json\/wp\/v2\/pages\/403\/revisions"}],"predecessor-version":[{"id":2927,"href":"https:\/\/renard-et-belette.fr\/index.php\/wp-json\/wp\/v2\/pages\/403\/revisions\/2927"}],"up":[{"embeddable":true,"href":"https:\/\/renard-et-belette.fr\/index.php\/wp-json\/wp\/v2\/pages\/285"}],"wp:attachment":[{"href":"https:\/\/renard-et-belette.fr\/index.php\/wp-json\/wp\/v2\/media?parent=403"}],"curies":[{"name":"wp","href":"https:\/\/api.w.org\/{rel}","templated":true}]}}