{"id":406,"date":"2024-05-08T00:39:55","date_gmt":"2024-05-07T22:39:55","guid":{"rendered":"https:\/\/renard-et-belette.fr\/?page_id=406"},"modified":"2025-12-06T21:40:50","modified_gmt":"2025-12-06T20:40:50","slug":"mon-travail","status":"publish","type":"page","link":"https:\/\/renard-et-belette.fr\/index.php\/presentation-de-lentreprise\/mon-travail\/","title":{"rendered":"Mon travail"},"content":{"rendered":"\n<p>Il me tient \u00e0 c\u0153ur de r\u00e9aliser l&rsquo;int\u00e9gralit\u00e9 du processus cr\u00e9atif, du 1er croquis jusqu&rsquo; \u00e0 l&rsquo;assemblage final des produits. Dans cette aventure, j&rsquo;associe mes connaissances techniques d&rsquo;ing\u00e9nieur et un savoir-faire manuel d\u00e9velopp\u00e9 avec patience et passion depuis une quarantaine d&rsquo;ann\u00e9es.<\/p>\n\n\n\n<p>Les mod\u00e8les que je fabrique sont bas\u00e9s sur des prototypes que j&rsquo;ai initialement mis au point pour mes propres besoins de musicien. Mes amis musiciens, gr\u00e2ce \u00e0 leurs pr\u00e9cieux retours d&rsquo;exp\u00e9rience, me permettent d&rsquo;optimiser r\u00e9guli\u00e8rement la qualit\u00e9 et l&rsquo;ergonomie de mes produits.<\/p>\n\n\n\n<p>Dans mon atelier situ\u00e9 dans le Forez (42), je travaille les parties les plus nobles en bois massif \u00ab\u00a0\u00e0 l&rsquo;ancienne\u00a0\u00bb, c&rsquo;est \u00e0 dire sans commande num\u00e9rique, \u00e0 l&rsquo;aide d&rsquo;outils \u00e0 main, d&rsquo;outils sp\u00e9ciaux, ou de machines classiques d\u2019un atelier d&rsquo;\u00e9b\u00e9niste (pour plus de  d\u00e9tails sur le bois massif, voir page suivante)<\/p>\n\n\n\n<p>Je fa\u00e7onne les \u00e9l\u00e9ments purement techniques dans des panneaux de bois dit \u00ab\u00a0de process\u00a0\u00bb \u00e0 l&rsquo;aide de machines d\u00e9di\u00e9es.<\/p>\n\n\n\n<p>Les pi\u00e8ces plastiques de mes produits (pi\u00e8ces de connexion notamment), sont imprim\u00e9e en 3D, ce qui me permet de proposer des pi\u00e8ces sur mesure, dans des d\u00e9lais et des co\u00fbts raisonnables.<\/p>\n\n\n\n<p>Les marquages sont r\u00e9alis\u00e9s par une graveuse laser, teintes et vernis sont appliqu\u00e9s par mes soins, avant l&rsquo;ultime \u00e9tape d&rsquo;assemblage.<\/p>\n\n\n\n<figure class=\"wp-block-image size-large\"><img loading=\"lazy\" decoding=\"async\" width=\"1024\" height=\"779\" src=\"https:\/\/renard-et-belette.fr\/wp-content\/uploads\/2024\/05\/fond-atelier-3-1024x779.jpg\" alt=\"\" class=\"wp-image-243\" srcset=\"https:\/\/renard-et-belette.fr\/wp-content\/uploads\/2024\/05\/fond-atelier-3-1024x779.jpg 1024w, https:\/\/renard-et-belette.fr\/wp-content\/uploads\/2024\/05\/fond-atelier-3-300x228.jpg 300w, https:\/\/renard-et-belette.fr\/wp-content\/uploads\/2024\/05\/fond-atelier-3-768x584.jpg 768w, https:\/\/renard-et-belette.fr\/wp-content\/uploads\/2024\/05\/fond-atelier-3-1536x1168.jpg 1536w, https:\/\/renard-et-belette.fr\/wp-content\/uploads\/2024\/05\/fond-atelier-3-2048x1557.jpg 2048w\" sizes=\"auto, (max-width: 1024px) 100vw, 1024px\" \/><\/figure>\n\n\n\n<div class=\"wp-block-columns is-not-stacked-on-mobile is-layout-flex wp-container-core-columns-is-layout-28f84493 wp-block-columns-is-layout-flex\">\n<div class=\"wp-block-column is-layout-flow wp-block-column-is-layout-flow\">\n<div class=\"wp-block-buttons is-layout-flex wp-block-buttons-is-layout-flex\">\n<div class=\"wp-block-button has-custom-width wp-block-button__width-50\"><a class=\"wp-block-button__link has-medium-font-size has-custom-font-size wp-element-button\" href=\"http:\/\/www.renard-et-belette.fr\/index.php\/infos\/qui-suis-je\/\" style=\"padding-top:var(--wp--preset--spacing--20);padding-right:var(--wp--preset--spacing--20);padding-bottom:var(--wp--preset--spacing--20);padding-left:var(--wp--preset--spacing--20)\"><strong>&lt;<\/strong><\/a><\/div>\n<\/div>\n<\/div>\n\n\n\n<div class=\"wp-block-column is-layout-flow wp-block-column-is-layout-flow\">\n<div class=\"wp-block-buttons is-content-justification-right is-layout-flex wp-container-core-buttons-is-layout-d445cf74 wp-block-buttons-is-layout-flex\">\n<div class=\"wp-block-button has-custom-width wp-block-button__width-50\"><a class=\"wp-block-button__link has-medium-font-size has-custom-font-size wp-element-button\" href=\"https:\/\/renard-et-belette.fr\/index.php\/bois\/\" style=\"padding-top:var(--wp--preset--spacing--20);padding-right:var(--wp--preset--spacing--20);padding-bottom:var(--wp--preset--spacing--20);padding-left:var(--wp--preset--spacing--20)\"><strong>&gt;<\/strong><\/a><\/div>\n<\/div>\n<\/div>\n<\/div>\n","protected":false},"excerpt":{"rendered":"<p>Il me tient \u00e0 c\u0153ur de r\u00e9aliser l&rsquo;int\u00e9gralit\u00e9 du processus cr\u00e9atif, du 1er croquis jusqu&rsquo; \u00e0 l&rsquo;assemblage final des produits. [&hellip;]<\/p>\n","protected":false},"author":1,"featured_media":0,"parent":285,"menu_order":1,"comment_status":"closed","ping_status":"closed","template":"","meta":{"site-sidebar-layout":"default","site-content-layout":"","ast-site-content-layout":"default","site-content-style":"default","site-sidebar-style":"default","ast-global-header-display":"","ast-banner-title-visibility":"","ast-main-header-display":"","ast-hfb-above-header-display":"","ast-hfb-below-header-display":"","ast-hfb-mobile-header-display":"","site-post-title":"","ast-breadcrumbs-content":"","ast-featured-img":"","footer-sml-layout":"","theme-transparent-header-meta":"","adv-header-id-meta":"","stick-header-meta":"","header-above-stick-meta":"","header-main-stick-meta":"","header-below-stick-meta":"","astra-migrate-meta-layouts":"default","ast-page-background-enabled":"default","ast-page-background-meta":{"desktop":{"background-color":"var(--ast-global-color-4)","background-image":"","background-repeat":"repeat","background-position":"center center","background-size":"auto","background-attachment":"scroll","background-type":"","background-media":"","overlay-type":"","overlay-color":"","overlay-opacity":"","overlay-gradient":""},"tablet":{"background-color":"","background-image":"","background-repeat":"repeat","background-position":"center center","background-size":"auto","background-attachment":"scroll","background-type":"","background-media":"","overlay-type":"","overlay-color":"","overlay-opacity":"","overlay-gradient":""},"mobile":{"background-color":"","background-image":"","background-repeat":"repeat","background-position":"center center","background-size":"auto","background-attachment":"scroll","background-type":"","background-media":"","overlay-type":"","overlay-color":"","overlay-opacity":"","overlay-gradient":""}},"ast-content-background-meta":{"desktop":{"background-color":"var(--ast-global-color-5)","background-image":"","background-repeat":"repeat","background-position":"center center","background-size":"auto","background-attachment":"scroll","background-type":"","background-media":"","overlay-type":"","overlay-color":"","overlay-opacity":"","overlay-gradient":""},"tablet":{"background-color":"var(--ast-global-color-5)","background-image":"","background-repeat":"repeat","background-position":"center center","background-size":"auto","background-attachment":"scroll","background-type":"","background-media":"","overlay-type":"","overlay-color":"","overlay-opacity":"","overlay-gradient":""},"mobile":{"background-color":"var(--ast-global-color-5)","background-image":"","background-repeat":"repeat","background-position":"center center","background-size":"auto","background-attachment":"scroll","background-type":"","background-media":"","overlay-type":"","overlay-color":"","overlay-opacity":"","overlay-gradient":""}},"footnotes":""},"class_list":["post-406","page","type-page","status-publish","hentry"],"yoast_head":"<!-- This site is optimized with the Yoast SEO plugin v26.7 - https:\/\/yoast.com\/wordpress\/plugins\/seo\/ -->\n<title>Mon travail - Atelier RENARD et BELETTE<\/title>\n<meta name=\"robots\" content=\"index, follow, max-snippet:-1, max-image-preview:large, max-video-preview:-1\" \/>\n<link rel=\"canonical\" href=\"https:\/\/renard-et-belette.fr\/index.php\/presentation-de-lentreprise\/mon-travail\/\" \/>\n<meta property=\"og:locale\" content=\"fr_FR\" \/>\n<meta property=\"og:type\" content=\"article\" \/>\n<meta property=\"og:title\" content=\"Mon travail - Atelier RENARD et BELETTE\" \/>\n<meta property=\"og:description\" content=\"Il me tient \u00e0 c\u0153ur de r\u00e9aliser l&rsquo;int\u00e9gralit\u00e9 du processus cr\u00e9atif, du 1er croquis jusqu&rsquo; \u00e0 l&rsquo;assemblage final des produits. [&hellip;]\" \/>\n<meta property=\"og:url\" content=\"https:\/\/renard-et-belette.fr\/index.php\/presentation-de-lentreprise\/mon-travail\/\" \/>\n<meta property=\"og:site_name\" content=\"Atelier RENARD et BELETTE\" \/>\n<meta property=\"article:modified_time\" content=\"2025-12-06T20:40:50+00:00\" \/>\n<meta property=\"og:image\" content=\"http:\/\/renard-et-belette.fr\/wp-content\/uploads\/2024\/05\/fond-atelier-3-1024x779.jpg\" \/>\n<meta name=\"twitter:card\" content=\"summary_large_image\" \/>\n<meta name=\"twitter:label1\" content=\"Dur\u00e9e de lecture estim\u00e9e\" \/>\n\t<meta name=\"twitter:data1\" content=\"2 minutes\" \/>\n<script type=\"application\/ld+json\" class=\"yoast-schema-graph\">{\"@context\":\"https:\/\/schema.org\",\"@graph\":[{\"@type\":\"WebPage\",\"@id\":\"https:\/\/renard-et-belette.fr\/index.php\/presentation-de-lentreprise\/mon-travail\/\",\"url\":\"https:\/\/renard-et-belette.fr\/index.php\/presentation-de-lentreprise\/mon-travail\/\",\"name\":\"Mon travail - Atelier RENARD et BELETTE\",\"isPartOf\":{\"@id\":\"https:\/\/renard-et-belette.fr\/#website\"},\"primaryImageOfPage\":{\"@id\":\"https:\/\/renard-et-belette.fr\/index.php\/presentation-de-lentreprise\/mon-travail\/#primaryimage\"},\"image\":{\"@id\":\"https:\/\/renard-et-belette.fr\/index.php\/presentation-de-lentreprise\/mon-travail\/#primaryimage\"},\"thumbnailUrl\":\"http:\/\/renard-et-belette.fr\/wp-content\/uploads\/2024\/05\/fond-atelier-3-1024x779.jpg\",\"datePublished\":\"2024-05-07T22:39:55+00:00\",\"dateModified\":\"2025-12-06T20:40:50+00:00\",\"breadcrumb\":{\"@id\":\"https:\/\/renard-et-belette.fr\/index.php\/presentation-de-lentreprise\/mon-travail\/#breadcrumb\"},\"inLanguage\":\"fr-FR\",\"potentialAction\":[{\"@type\":\"ReadAction\",\"target\":[\"https:\/\/renard-et-belette.fr\/index.php\/presentation-de-lentreprise\/mon-travail\/\"]}]},{\"@type\":\"ImageObject\",\"inLanguage\":\"fr-FR\",\"@id\":\"https:\/\/renard-et-belette.fr\/index.php\/presentation-de-lentreprise\/mon-travail\/#primaryimage\",\"url\":\"http:\/\/renard-et-belette.fr\/wp-content\/uploads\/2024\/05\/fond-atelier-3-1024x779.jpg\",\"contentUrl\":\"http:\/\/renard-et-belette.fr\/wp-content\/uploads\/2024\/05\/fond-atelier-3-1024x779.jpg\"},{\"@type\":\"BreadcrumbList\",\"@id\":\"https:\/\/renard-et-belette.fr\/index.php\/presentation-de-lentreprise\/mon-travail\/#breadcrumb\",\"itemListElement\":[{\"@type\":\"ListItem\",\"position\":1,\"name\":\"Accueil\",\"item\":\"https:\/\/renard-et-belette.fr\/\"},{\"@type\":\"ListItem\",\"position\":2,\"name\":\"L&rsquo;entreprise\",\"item\":\"https:\/\/renard-et-belette.fr\/index.php\/presentation-de-lentreprise\/\"},{\"@type\":\"ListItem\",\"position\":3,\"name\":\"Mon travail\"}]},{\"@type\":\"WebSite\",\"@id\":\"https:\/\/renard-et-belette.fr\/#website\",\"url\":\"https:\/\/renard-et-belette.fr\/\",\"name\":\"Atelier RENARD et BELETTE\",\"description\":\"Pedalboards, baguettes et accessoires custom fabriqu\u00e9s en France\",\"publisher\":{\"@id\":\"https:\/\/renard-et-belette.fr\/#organization\"},\"potentialAction\":[{\"@type\":\"SearchAction\",\"target\":{\"@type\":\"EntryPoint\",\"urlTemplate\":\"https:\/\/renard-et-belette.fr\/?s={search_term_string}\"},\"query-input\":{\"@type\":\"PropertyValueSpecification\",\"valueRequired\":true,\"valueName\":\"search_term_string\"}}],\"inLanguage\":\"fr-FR\"},{\"@type\":\"Organization\",\"@id\":\"https:\/\/renard-et-belette.fr\/#organization\",\"name\":\"Atelier RENARD et BELETTE\",\"url\":\"https:\/\/renard-et-belette.fr\/\",\"logo\":{\"@type\":\"ImageObject\",\"inLanguage\":\"fr-FR\",\"@id\":\"https:\/\/renard-et-belette.fr\/#\/schema\/logo\/image\/\",\"url\":\"https:\/\/renard-et-belette.fr\/wp-content\/uploads\/2024\/05\/logoweb-1.png\",\"contentUrl\":\"https:\/\/renard-et-belette.fr\/wp-content\/uploads\/2024\/05\/logoweb-1.png\",\"width\":731,\"height\":491,\"caption\":\"Atelier RENARD et BELETTE\"},\"image\":{\"@id\":\"https:\/\/renard-et-belette.fr\/#\/schema\/logo\/image\/\"}}]}<\/script>\n<!-- \/ Yoast SEO plugin. -->","yoast_head_json":{"title":"Mon travail - Atelier RENARD et BELETTE","robots":{"index":"index","follow":"follow","max-snippet":"max-snippet:-1","max-image-preview":"max-image-preview:large","max-video-preview":"max-video-preview:-1"},"canonical":"https:\/\/renard-et-belette.fr\/index.php\/presentation-de-lentreprise\/mon-travail\/","og_locale":"fr_FR","og_type":"article","og_title":"Mon travail - Atelier RENARD et BELETTE","og_description":"Il me tient \u00e0 c\u0153ur de r\u00e9aliser l&rsquo;int\u00e9gralit\u00e9 du processus cr\u00e9atif, du 1er croquis jusqu&rsquo; \u00e0 l&rsquo;assemblage final des produits. [&hellip;]","og_url":"https:\/\/renard-et-belette.fr\/index.php\/presentation-de-lentreprise\/mon-travail\/","og_site_name":"Atelier RENARD et BELETTE","article_modified_time":"2025-12-06T20:40:50+00:00","og_image":[{"url":"http:\/\/renard-et-belette.fr\/wp-content\/uploads\/2024\/05\/fond-atelier-3-1024x779.jpg","type":"","width":"","height":""}],"twitter_card":"summary_large_image","twitter_misc":{"Dur\u00e9e de lecture estim\u00e9e":"2 minutes"},"schema":{"@context":"https:\/\/schema.org","@graph":[{"@type":"WebPage","@id":"https:\/\/renard-et-belette.fr\/index.php\/presentation-de-lentreprise\/mon-travail\/","url":"https:\/\/renard-et-belette.fr\/index.php\/presentation-de-lentreprise\/mon-travail\/","name":"Mon travail - Atelier RENARD et BELETTE","isPartOf":{"@id":"https:\/\/renard-et-belette.fr\/#website"},"primaryImageOfPage":{"@id":"https:\/\/renard-et-belette.fr\/index.php\/presentation-de-lentreprise\/mon-travail\/#primaryimage"},"image":{"@id":"https:\/\/renard-et-belette.fr\/index.php\/presentation-de-lentreprise\/mon-travail\/#primaryimage"},"thumbnailUrl":"http:\/\/renard-et-belette.fr\/wp-content\/uploads\/2024\/05\/fond-atelier-3-1024x779.jpg","datePublished":"2024-05-07T22:39:55+00:00","dateModified":"2025-12-06T20:40:50+00:00","breadcrumb":{"@id":"https:\/\/renard-et-belette.fr\/index.php\/presentation-de-lentreprise\/mon-travail\/#breadcrumb"},"inLanguage":"fr-FR","potentialAction":[{"@type":"ReadAction","target":["https:\/\/renard-et-belette.fr\/index.php\/presentation-de-lentreprise\/mon-travail\/"]}]},{"@type":"ImageObject","inLanguage":"fr-FR","@id":"https:\/\/renard-et-belette.fr\/index.php\/presentation-de-lentreprise\/mon-travail\/#primaryimage","url":"http:\/\/renard-et-belette.fr\/wp-content\/uploads\/2024\/05\/fond-atelier-3-1024x779.jpg","contentUrl":"http:\/\/renard-et-belette.fr\/wp-content\/uploads\/2024\/05\/fond-atelier-3-1024x779.jpg"},{"@type":"BreadcrumbList","@id":"https:\/\/renard-et-belette.fr\/index.php\/presentation-de-lentreprise\/mon-travail\/#breadcrumb","itemListElement":[{"@type":"ListItem","position":1,"name":"Accueil","item":"https:\/\/renard-et-belette.fr\/"},{"@type":"ListItem","position":2,"name":"L&rsquo;entreprise","item":"https:\/\/renard-et-belette.fr\/index.php\/presentation-de-lentreprise\/"},{"@type":"ListItem","position":3,"name":"Mon travail"}]},{"@type":"WebSite","@id":"https:\/\/renard-et-belette.fr\/#website","url":"https:\/\/renard-et-belette.fr\/","name":"Atelier RENARD et BELETTE","description":"Pedalboards, baguettes et accessoires custom fabriqu\u00e9s en France","publisher":{"@id":"https:\/\/renard-et-belette.fr\/#organization"},"potentialAction":[{"@type":"SearchAction","target":{"@type":"EntryPoint","urlTemplate":"https:\/\/renard-et-belette.fr\/?s={search_term_string}"},"query-input":{"@type":"PropertyValueSpecification","valueRequired":true,"valueName":"search_term_string"}}],"inLanguage":"fr-FR"},{"@type":"Organization","@id":"https:\/\/renard-et-belette.fr\/#organization","name":"Atelier RENARD et BELETTE","url":"https:\/\/renard-et-belette.fr\/","logo":{"@type":"ImageObject","inLanguage":"fr-FR","@id":"https:\/\/renard-et-belette.fr\/#\/schema\/logo\/image\/","url":"https:\/\/renard-et-belette.fr\/wp-content\/uploads\/2024\/05\/logoweb-1.png","contentUrl":"https:\/\/renard-et-belette.fr\/wp-content\/uploads\/2024\/05\/logoweb-1.png","width":731,"height":491,"caption":"Atelier RENARD et BELETTE"},"image":{"@id":"https:\/\/renard-et-belette.fr\/#\/schema\/logo\/image\/"}}]}},"_links":{"self":[{"href":"https:\/\/renard-et-belette.fr\/index.php\/wp-json\/wp\/v2\/pages\/406","targetHints":{"allow":["GET"]}}],"collection":[{"href":"https:\/\/renard-et-belette.fr\/index.php\/wp-json\/wp\/v2\/pages"}],"about":[{"href":"https:\/\/renard-et-belette.fr\/index.php\/wp-json\/wp\/v2\/types\/page"}],"author":[{"embeddable":true,"href":"https:\/\/renard-et-belette.fr\/index.php\/wp-json\/wp\/v2\/users\/1"}],"replies":[{"embeddable":true,"href":"https:\/\/renard-et-belette.fr\/index.php\/wp-json\/wp\/v2\/comments?post=406"}],"version-history":[{"count":23,"href":"https:\/\/renard-et-belette.fr\/index.php\/wp-json\/wp\/v2\/pages\/406\/revisions"}],"predecessor-version":[{"id":2750,"href":"https:\/\/renard-et-belette.fr\/index.php\/wp-json\/wp\/v2\/pages\/406\/revisions\/2750"}],"up":[{"embeddable":true,"href":"https:\/\/renard-et-belette.fr\/index.php\/wp-json\/wp\/v2\/pages\/285"}],"wp:attachment":[{"href":"https:\/\/renard-et-belette.fr\/index.php\/wp-json\/wp\/v2\/media?parent=406"}],"curies":[{"name":"wp","href":"https:\/\/api.w.org\/{rel}","templated":true}]}}